{"id":1560,"date":"2023-10-17T10:11:04","date_gmt":"2023-10-17T10:11:04","guid":{"rendered":"https:\/\/www.divique.com\/produkt\/divique-shaker"},"modified":"2024-03-01T14:43:33","modified_gmt":"2024-03-01T14:43:33","slug":"divique-shaker","status":"publish","type":"product","link":"https:\/\/www.divique.com\/sk\/produkt\/divique-shaker","title":{"rendered":"Divique shaker"},"content":{"rendered":"","protected":false},"excerpt":{"rendered":"<p>Mal\u00fd a praktick\u00fd shaker Divique v\u00e1m zjednodu\u0161\u00ed ka\u017edodenn\u00fa pr\u00edpravu kolag\u00e9nu a prote\u00ednov\u00fdch n\u00e1pojov.<\/p>\n","protected":false},"featured_media":1499,"template":"","meta":{"_acf_changed":false},"product_brand":[],"product_cat":[],"product_tag":[],"class_list":{"0":"post-1560","1":"product","2":"type-product","3":"status-publish","4":"has-post-thumbnail","7":"first","8":"instock","9":"taxable","10":"shipping-taxable","11":"purchasable","12":"product-type-simple"},"acf":[],"yoast_head":"<!-- This site is optimized with the Yoast SEO plugin v27.5 - https:\/\/yoast.com\/product\/yoast-seo-wordpress\/ -->\n<title>Divique shaker - Divique.com<\/title>\n<meta name=\"description\" content=\"Mal\u00fd a praktick\u00fd shaker Divique v\u00e1m zjednodu\u0161\u00ed ka\u017edodenn\u00fa pr\u00edpravu kolag\u00e9nu a prote\u00ednov\u00fdch n\u00e1pojov.\" \/>\n<meta name=\"robots\" content=\"index, follow, max-snippet:-1, max-image-preview:large, max-video-preview:-1\" \/>\n<link rel=\"canonical\" href=\"https:\/\/www.divique.com\/sk\/produkt\/divique-shaker\" \/>\n<meta property=\"og:locale\" content=\"sk_SK\" \/>\n<meta property=\"og:type\" content=\"article\" \/>\n<meta property=\"og:title\" content=\"Divique shaker - Divique.com\" \/>\n<meta property=\"og:description\" content=\"Mal\u00fd a praktick\u00fd shaker Divique v\u00e1m zjednodu\u0161\u00ed ka\u017edodenn\u00fa pr\u00edpravu kolag\u00e9nu a prote\u00ednov\u00fdch n\u00e1pojov.\" \/>\n<meta property=\"og:url\" content=\"https:\/\/www.divique.com\/sk\/produkt\/divique-shaker\" \/>\n<meta property=\"og:site_name\" content=\"Divique.com\" \/>\n<meta property=\"article:modified_time\" content=\"2024-03-01T14:43:33+00:00\" \/>\n<meta property=\"og:image\" content=\"https:\/\/www.divique.com\/wp-content\/uploads\/shaker-divique-1.png\" \/>\n\t<meta property=\"og:image:width\" content=\"600\" \/>\n\t<meta property=\"og:image:height\" content=\"600\" \/>\n\t<meta property=\"og:image:type\" content=\"image\/png\" \/>\n<meta name=\"twitter:card\" content=\"summary_large_image\" \/>\n<meta name=\"twitter:label1\" content=\"Predpokladan\u00fd \u010das \u010d\u00edtania\" \/>\n\t<meta name=\"twitter:data1\" content=\"1 min\u00fata\" \/>\n<script type=\"application\/ld+json\" class=\"yoast-schema-graph\">{\"@context\":\"https:\\\/\\\/schema.org\",\"@graph\":[{\"@type\":\"WebPage\",\"@id\":\"https:\\\/\\\/www.divique.com\\\/sk\\\/produkt\\\/divique-shaker\",\"url\":\"https:\\\/\\\/www.divique.com\\\/sk\\\/produkt\\\/divique-shaker\",\"name\":\"Divique shaker - Divique.com\",\"isPartOf\":{\"@id\":\"https:\\\/\\\/www.divique.com\\\/sk#website\"},\"primaryImageOfPage\":{\"@id\":\"https:\\\/\\\/www.divique.com\\\/sk\\\/produkt\\\/divique-shaker#primaryimage\"},\"image\":{\"@id\":\"https:\\\/\\\/www.divique.com\\\/sk\\\/produkt\\\/divique-shaker#primaryimage\"},\"thumbnailUrl\":\"https:\\\/\\\/www.divique.com\\\/wp-content\\\/uploads\\\/shaker-divique-1.png\",\"datePublished\":\"2023-10-17T10:11:04+00:00\",\"dateModified\":\"2024-03-01T14:43:33+00:00\",\"description\":\"Mal\u00fd a praktick\u00fd shaker Divique v\u00e1m zjednodu\u0161\u00ed ka\u017edodenn\u00fa pr\u00edpravu kolag\u00e9nu a prote\u00ednov\u00fdch n\u00e1pojov.\",\"breadcrumb\":{\"@id\":\"https:\\\/\\\/www.divique.com\\\/sk\\\/produkt\\\/divique-shaker#breadcrumb\"},\"inLanguage\":\"sk-SK\",\"potentialAction\":[{\"@type\":\"ReadAction\",\"target\":[\"https:\\\/\\\/www.divique.com\\\/sk\\\/produkt\\\/divique-shaker\"]}]},{\"@type\":\"ImageObject\",\"inLanguage\":\"sk-SK\",\"@id\":\"https:\\\/\\\/www.divique.com\\\/sk\\\/produkt\\\/divique-shaker#primaryimage\",\"url\":\"https:\\\/\\\/www.divique.com\\\/wp-content\\\/uploads\\\/shaker-divique-1.png\",\"contentUrl\":\"https:\\\/\\\/www.divique.com\\\/wp-content\\\/uploads\\\/shaker-divique-1.png\",\"width\":600,\"height\":600},{\"@type\":\"BreadcrumbList\",\"@id\":\"https:\\\/\\\/www.divique.com\\\/sk\\\/produkt\\\/divique-shaker#breadcrumb\",\"itemListElement\":[{\"@type\":\"ListItem\",\"position\":1,\"name\":\"Home\",\"item\":\"https:\\\/\\\/www.divique.com\\\/sk\"},{\"@type\":\"ListItem\",\"position\":2,\"name\":\"Shop\",\"item\":\"https:\\\/\\\/www.divique.com\\\/sk\\\/shop\"},{\"@type\":\"ListItem\",\"position\":3,\"name\":\"Divique shaker\"}]},{\"@type\":\"WebSite\",\"@id\":\"https:\\\/\\\/www.divique.com\\\/sk#website\",\"url\":\"https:\\\/\\\/www.divique.com\\\/sk\",\"name\":\"Divique.com\",\"description\":\"Be Divique. Kolagenov\u00e1 \u0159ada pro sebev\u011bdom\u00e9 \u017eeny. Kolagen a kyselina hyaluronov\u00e1 ve form\u011b, kter\u00e1 V\u00e1m bude vyhovovat.\",\"publisher\":{\"@id\":\"https:\\\/\\\/www.divique.com\\\/sk#organization\"},\"potentialAction\":[{\"@type\":\"SearchAction\",\"target\":{\"@type\":\"EntryPoint\",\"urlTemplate\":\"https:\\\/\\\/www.divique.com\\\/sk?s={search_term_string}\"},\"query-input\":{\"@type\":\"PropertyValueSpecification\",\"valueRequired\":true,\"valueName\":\"search_term_string\"}}],\"inLanguage\":\"sk-SK\"},{\"@type\":\"Organization\",\"@id\":\"https:\\\/\\\/www.divique.com\\\/sk#organization\",\"name\":\"DIVIQUE s.r.o.\",\"url\":\"https:\\\/\\\/www.divique.com\\\/sk\",\"logo\":{\"@type\":\"ImageObject\",\"inLanguage\":\"sk-SK\",\"@id\":\"https:\\\/\\\/www.divique.com\\\/sk#\\\/schema\\\/logo\\\/image\\\/\",\"url\":\"https:\\\/\\\/www.divique.com\\\/wp-content\\\/uploads\\\/2022\\\/04\\\/divique-logo.png\",\"contentUrl\":\"https:\\\/\\\/www.divique.com\\\/wp-content\\\/uploads\\\/2022\\\/04\\\/divique-logo.png\",\"width\":196,\"height\":64,\"caption\":\"DIVIQUE s.r.o.\"},\"image\":{\"@id\":\"https:\\\/\\\/www.divique.com\\\/sk#\\\/schema\\\/logo\\\/image\\\/\"}}]}<\/script>\n<!-- \/ Yoast SEO plugin. -->","yoast_head_json":{"title":"Divique shaker - Divique.com","description":"Mal\u00fd a praktick\u00fd shaker Divique v\u00e1m zjednodu\u0161\u00ed ka\u017edodenn\u00fa pr\u00edpravu kolag\u00e9nu a prote\u00ednov\u00fdch n\u00e1pojov.","robots":{"index":"index","follow":"follow","max-snippet":"max-snippet:-1","max-image-preview":"max-image-preview:large","max-video-preview":"max-video-preview:-1"},"canonical":"https:\/\/www.divique.com\/sk\/produkt\/divique-shaker","og_locale":"sk_SK","og_type":"article","og_title":"Divique shaker - Divique.com","og_description":"Mal\u00fd a praktick\u00fd shaker Divique v\u00e1m zjednodu\u0161\u00ed ka\u017edodenn\u00fa pr\u00edpravu kolag\u00e9nu a prote\u00ednov\u00fdch n\u00e1pojov.","og_url":"https:\/\/www.divique.com\/sk\/produkt\/divique-shaker","og_site_name":"Divique.com","article_modified_time":"2024-03-01T14:43:33+00:00","og_image":[{"width":600,"height":600,"url":"https:\/\/www.divique.com\/wp-content\/uploads\/shaker-divique-1.png","type":"image\/png"}],"twitter_card":"summary_large_image","twitter_misc":{"Predpokladan\u00fd \u010das \u010d\u00edtania":"1 min\u00fata"},"schema":{"@context":"https:\/\/schema.org","@graph":[{"@type":"WebPage","@id":"https:\/\/www.divique.com\/sk\/produkt\/divique-shaker","url":"https:\/\/www.divique.com\/sk\/produkt\/divique-shaker","name":"Divique shaker - Divique.com","isPartOf":{"@id":"https:\/\/www.divique.com\/sk#website"},"primaryImageOfPage":{"@id":"https:\/\/www.divique.com\/sk\/produkt\/divique-shaker#primaryimage"},"image":{"@id":"https:\/\/www.divique.com\/sk\/produkt\/divique-shaker#primaryimage"},"thumbnailUrl":"https:\/\/www.divique.com\/wp-content\/uploads\/shaker-divique-1.png","datePublished":"2023-10-17T10:11:04+00:00","dateModified":"2024-03-01T14:43:33+00:00","description":"Mal\u00fd a praktick\u00fd shaker Divique v\u00e1m zjednodu\u0161\u00ed ka\u017edodenn\u00fa pr\u00edpravu kolag\u00e9nu a prote\u00ednov\u00fdch n\u00e1pojov.","breadcrumb":{"@id":"https:\/\/www.divique.com\/sk\/produkt\/divique-shaker#breadcrumb"},"inLanguage":"sk-SK","potentialAction":[{"@type":"ReadAction","target":["https:\/\/www.divique.com\/sk\/produkt\/divique-shaker"]}]},{"@type":"ImageObject","inLanguage":"sk-SK","@id":"https:\/\/www.divique.com\/sk\/produkt\/divique-shaker#primaryimage","url":"https:\/\/www.divique.com\/wp-content\/uploads\/shaker-divique-1.png","contentUrl":"https:\/\/www.divique.com\/wp-content\/uploads\/shaker-divique-1.png","width":600,"height":600},{"@type":"BreadcrumbList","@id":"https:\/\/www.divique.com\/sk\/produkt\/divique-shaker#breadcrumb","itemListElement":[{"@type":"ListItem","position":1,"name":"Home","item":"https:\/\/www.divique.com\/sk"},{"@type":"ListItem","position":2,"name":"Shop","item":"https:\/\/www.divique.com\/sk\/shop"},{"@type":"ListItem","position":3,"name":"Divique shaker"}]},{"@type":"WebSite","@id":"https:\/\/www.divique.com\/sk#website","url":"https:\/\/www.divique.com\/sk","name":"Divique.com","description":"Be Divique. Kolagenov\u00e1 \u0159ada pro sebev\u011bdom\u00e9 \u017eeny. Kolagen a kyselina hyaluronov\u00e1 ve form\u011b, kter\u00e1 V\u00e1m bude vyhovovat.","publisher":{"@id":"https:\/\/www.divique.com\/sk#organization"},"potentialAction":[{"@type":"SearchAction","target":{"@type":"EntryPoint","urlTemplate":"https:\/\/www.divique.com\/sk?s={search_term_string}"},"query-input":{"@type":"PropertyValueSpecification","valueRequired":true,"valueName":"search_term_string"}}],"inLanguage":"sk-SK"},{"@type":"Organization","@id":"https:\/\/www.divique.com\/sk#organization","name":"DIVIQUE s.r.o.","url":"https:\/\/www.divique.com\/sk","logo":{"@type":"ImageObject","inLanguage":"sk-SK","@id":"https:\/\/www.divique.com\/sk#\/schema\/logo\/image\/","url":"https:\/\/www.divique.com\/wp-content\/uploads\/2022\/04\/divique-logo.png","contentUrl":"https:\/\/www.divique.com\/wp-content\/uploads\/2022\/04\/divique-logo.png","width":196,"height":64,"caption":"DIVIQUE s.r.o."},"image":{"@id":"https:\/\/www.divique.com\/sk#\/schema\/logo\/image\/"}}]}},"_links":{"self":[{"href":"https:\/\/www.divique.com\/sk\/wp-json\/wp\/v2\/product\/1560","targetHints":{"allow":["GET"]}}],"collection":[{"href":"https:\/\/www.divique.com\/sk\/wp-json\/wp\/v2\/product"}],"about":[{"href":"https:\/\/www.divique.com\/sk\/wp-json\/wp\/v2\/types\/product"}],"wp:featuredmedia":[{"embeddable":true,"href":"https:\/\/www.divique.com\/sk\/wp-json\/wp\/v2\/media\/1499"}],"wp:attachment":[{"href":"https:\/\/www.divique.com\/sk\/wp-json\/wp\/v2\/media?parent=1560"}],"wp:term":[{"taxonomy":"product_brand","embeddable":true,"href":"https:\/\/www.divique.com\/sk\/wp-json\/wp\/v2\/product_brand?post=1560"},{"taxonomy":"product_cat","embeddable":true,"href":"https:\/\/www.divique.com\/sk\/wp-json\/wp\/v2\/product_cat?post=1560"},{"taxonomy":"product_tag","embeddable":true,"href":"https:\/\/www.divique.com\/sk\/wp-json\/wp\/v2\/product_tag?post=1560"}],"curies":[{"name":"wp","href":"https:\/\/api.w.org\/{rel}","templated":true}]}}