{"id":1558,"date":"2023-10-13T14:53:30","date_gmt":"2023-10-13T14:53:30","guid":{"rendered":"https:\/\/www.divique.com\/produkt\/divique-collagen-hyaluron-shots"},"modified":"2024-09-27T12:06:29","modified_gmt":"2024-09-27T12:06:29","slug":"divique-collagen-hyaluron-shots","status":"publish","type":"product","link":"https:\/\/www.divique.com\/sk\/produkt\/divique-collagen-hyaluron-shots","title":{"rendered":"Divique Collagen Hyaluron Shots"},"content":{"rendered":"<p><strong>Vysoko koncentrovan\u00e9 zlo\u017eenie:<\/strong> Ka\u017ed\u00e1 ampulka Divique obsahuje 4 000 mg kolag\u00e9nu a 100 mg kyseliny hyalur\u00f3novej \u2013 vysoko koncentrovan\u00e1 a harmonick\u00e1 kombin\u00e1cia. T\u00e1to \u0161peci\u00e1lne vyvinut\u00e1 zmes bola vytvoren\u00e1 tak, aby v\u00e1m poskytla optim\u00e1lny doplnok pre va\u0161u ka\u017edodenn\u00fa kozmetick\u00fa rutinu.<\/p>\n<p><strong>Skvel\u00e1 jahodov\u00e1 pr\u00edchu\u0165:<\/strong> Nechajte sa o\u010dari\u0165 plnou jahodovou pr\u00edchu\u0165ou pitn\u00fdch ampuliek Divique Collagen. Jemn\u00e1 sladkos\u0165 kvetov\u00e9ho medu v kombin\u00e1cii s n\u00e1dychom st\u00e9vie rob\u00ed z ka\u017edej d\u00e1vky v\u00fdnimo\u010dn\u00fd okamih pote\u0161enia, na ktor\u00fd sa budete te\u0161i\u0165 ka\u017ed\u00fd de\u0148.<\/p>\n<p><strong>S vitam\u00ednmi a miner\u00e1lmi:<\/strong> Okrem kolag\u00e9nu a kyseliny hyalur\u00f3novej sme pridali zmes vitam\u00ednu C, biot\u00ednu, zinku, medi a sel\u00e9nu. Tieto starostlivo vybran\u00e9 zlo\u017eky dosahuj\u00fa synergick\u00fd \u00fa\u010dinok.<\/p>\n<p><strong>Jednoduch\u00e9 pou\u017eitie:<\/strong> Vieme, ak\u00fd hektick\u00fd m\u00f4\u017ee by\u0165 modern\u00fd \u017eivot. Preto s\u00fa na\u0161e pohodln\u00e9 a praktick\u00e9 ampulky navrhnut\u00e9 tak, aby bez n\u00e1mahy zapadli do ka\u017edej dennej rutiny. \u010ci u\u017e ste na slu\u017eobnej ceste, v kancel\u00e1rii alebo cvi\u010d\u00edte \u2013 svoju denn\u00fa d\u00e1vku m\u00e1te v\u017edy po ruke.<\/p>\n<p><strong>Kvalita, na ktor\u00fa sa m\u00f4\u017eete spo\u013eahn\u00fa\u0165:<\/strong> V Divique nastavujeme \u0161tandardy. Ka\u017ed\u00e1 z na\u0161ich kolag\u00e9nov\u00fdch ampuliek prech\u00e1dza pr\u00edsnou kontrolou kvality, aby sme v\u00e1m zaru\u010dili len to najlep\u0161ie.<\/p>\n<p><strong>D\u00e1vkovanie produktu:<\/strong><br \/>\nDospel\u00fdm sa odpor\u00fa\u010da u\u017e\u00edva\u0165 1 nerieden\u00fa ampulku denne. Pred pou\u017eit\u00edm d\u00f4kladne pretrepa\u0165. Neprekra\u010dujte odpor\u00fa\u010dan\u00fa denn\u00fa d\u00e1vku.<\/p>\n","protected":false},"excerpt":{"rendered":"<p>Divique kolag\u00e9nov\u00e9 ampulky s kyselinou hyalur\u00f3novou s\u00fa skvelou vo\u013ebou, preto\u017ee obsahuj\u00fa vysoko koncentrovan\u00fa kombin\u00e1ciu 4 000 mg kolag\u00e9nu a 100 mg kyseliny hyalur\u00f3novej v jednej ampulke a pon\u00fakaj\u00fa osvie\u017euj\u00faci jahodov\u00fd chu\u0165ov\u00fd z\u00e1\u017eitok v\u010faka sladeniu kvetov\u00fdm medom a st\u00e9viou.<\/p>\n<ul>\n<li>4 000 mg kolag\u00e9nov\u00e9ho hydrolyz\u00e1tu<\/li>\n<li>100 mg kyseliny hyalur\u00f3novej<\/li>\n<li>80 mg vitam\u00ednu C<\/li>\n<li>50 \u03bcg biot\u00ednu<\/li>\n<li>10 mg zinku<\/li>\n<li>0,15 mg medi<\/li>\n<li>55 \u03bcg sel\u00e9nu<\/li>\n<\/ul>\n","protected":false},"featured_media":1406,"template":"","meta":{"_acf_changed":false},"product_brand":[],"product_cat":[57],"product_tag":[],"class_list":{"0":"post-1558","1":"product","2":"type-product","3":"status-publish","4":"has-post-thumbnail","6":"product_cat-uncategorized-sk","8":"first","9":"instock","10":"taxable","11":"shipping-taxable","12":"purchasable","13":"product-type-simple"},"acf":[],"yoast_head":"<!-- This site is optimized with the Yoast SEO plugin v27.5 - https:\/\/yoast.com\/product\/yoast-seo-wordpress\/ -->\n<title>Divique Collagen Hyaluron Shots - Divique.com<\/title>\n<meta name=\"description\" content=\"Divique kolag\u00e9nov\u00e9 ampulky s 4000 mg kolag\u00e9nu, 100 mg hyalur\u00f3nu a jahodovou chu\u0165ou, sladen\u00e9 medom a st\u00e9viou.\" \/>\n<meta name=\"robots\" content=\"index, follow, max-snippet:-1, max-image-preview:large, max-video-preview:-1\" \/>\n<link rel=\"canonical\" href=\"https:\/\/www.divique.com\/sk\/produkt\/divique-collagen-hyaluron-shots\" \/>\n<meta property=\"og:locale\" content=\"sk_SK\" \/>\n<meta property=\"og:type\" content=\"article\" \/>\n<meta property=\"og:title\" content=\"Divique Collagen Hyaluron Shots - Divique.com\" \/>\n<meta property=\"og:description\" content=\"Divique kolag\u00e9nov\u00e9 ampulky s 4000 mg kolag\u00e9nu, 100 mg hyalur\u00f3nu a jahodovou chu\u0165ou, sladen\u00e9 medom a st\u00e9viou.\" \/>\n<meta property=\"og:url\" content=\"https:\/\/www.divique.com\/sk\/produkt\/divique-collagen-hyaluron-shots\" \/>\n<meta property=\"og:site_name\" content=\"Divique.com\" \/>\n<meta property=\"article:modified_time\" content=\"2024-09-27T12:06:29+00:00\" \/>\n<meta property=\"og:image\" content=\"https:\/\/www.divique.com\/wp-content\/uploads\/divique-collagenhyaluron-shots.png\" \/>\n\t<meta property=\"og:image:width\" content=\"1500\" \/>\n\t<meta property=\"og:image:height\" content=\"1500\" \/>\n\t<meta property=\"og:image:type\" content=\"image\/png\" \/>\n<meta name=\"twitter:card\" content=\"summary_large_image\" \/>\n<meta name=\"twitter:label1\" content=\"Predpokladan\u00fd \u010das \u010d\u00edtania\" \/>\n\t<meta name=\"twitter:data1\" content=\"2 min\u00faty\" \/>\n<script type=\"application\/ld+json\" class=\"yoast-schema-graph\">{\"@context\":\"https:\\\/\\\/schema.org\",\"@graph\":[{\"@type\":\"WebPage\",\"@id\":\"https:\\\/\\\/www.divique.com\\\/sk\\\/produkt\\\/divique-collagen-hyaluron-shots\",\"url\":\"https:\\\/\\\/www.divique.com\\\/sk\\\/produkt\\\/divique-collagen-hyaluron-shots\",\"name\":\"Divique Collagen Hyaluron Shots - Divique.com\",\"isPartOf\":{\"@id\":\"https:\\\/\\\/www.divique.com\\\/sk#website\"},\"primaryImageOfPage\":{\"@id\":\"https:\\\/\\\/www.divique.com\\\/sk\\\/produkt\\\/divique-collagen-hyaluron-shots#primaryimage\"},\"image\":{\"@id\":\"https:\\\/\\\/www.divique.com\\\/sk\\\/produkt\\\/divique-collagen-hyaluron-shots#primaryimage\"},\"thumbnailUrl\":\"https:\\\/\\\/www.divique.com\\\/wp-content\\\/uploads\\\/divique-collagenhyaluron-shots.png\",\"datePublished\":\"2023-10-13T14:53:30+00:00\",\"dateModified\":\"2024-09-27T12:06:29+00:00\",\"description\":\"Divique kolag\u00e9nov\u00e9 ampulky s 4000 mg kolag\u00e9nu, 100 mg hyalur\u00f3nu a jahodovou chu\u0165ou, sladen\u00e9 medom a st\u00e9viou.\",\"breadcrumb\":{\"@id\":\"https:\\\/\\\/www.divique.com\\\/sk\\\/produkt\\\/divique-collagen-hyaluron-shots#breadcrumb\"},\"inLanguage\":\"sk-SK\",\"potentialAction\":[{\"@type\":\"ReadAction\",\"target\":[\"https:\\\/\\\/www.divique.com\\\/sk\\\/produkt\\\/divique-collagen-hyaluron-shots\"]}]},{\"@type\":\"ImageObject\",\"inLanguage\":\"sk-SK\",\"@id\":\"https:\\\/\\\/www.divique.com\\\/sk\\\/produkt\\\/divique-collagen-hyaluron-shots#primaryimage\",\"url\":\"https:\\\/\\\/www.divique.com\\\/wp-content\\\/uploads\\\/divique-collagenhyaluron-shots.png\",\"contentUrl\":\"https:\\\/\\\/www.divique.com\\\/wp-content\\\/uploads\\\/divique-collagenhyaluron-shots.png\",\"width\":1500,\"height\":1500},{\"@type\":\"BreadcrumbList\",\"@id\":\"https:\\\/\\\/www.divique.com\\\/sk\\\/produkt\\\/divique-collagen-hyaluron-shots#breadcrumb\",\"itemListElement\":[{\"@type\":\"ListItem\",\"position\":1,\"name\":\"Home\",\"item\":\"https:\\\/\\\/www.divique.com\\\/sk\"},{\"@type\":\"ListItem\",\"position\":2,\"name\":\"Shop\",\"item\":\"https:\\\/\\\/www.divique.com\\\/sk\\\/shop\"},{\"@type\":\"ListItem\",\"position\":3,\"name\":\"Divique Collagen Hyaluron Shots\"}]},{\"@type\":\"WebSite\",\"@id\":\"https:\\\/\\\/www.divique.com\\\/sk#website\",\"url\":\"https:\\\/\\\/www.divique.com\\\/sk\",\"name\":\"Divique.com\",\"description\":\"Be Divique. Kolagenov\u00e1 \u0159ada pro sebev\u011bdom\u00e9 \u017eeny. Kolagen a kyselina hyaluronov\u00e1 ve form\u011b, kter\u00e1 V\u00e1m bude vyhovovat.\",\"publisher\":{\"@id\":\"https:\\\/\\\/www.divique.com\\\/sk#organization\"},\"potentialAction\":[{\"@type\":\"SearchAction\",\"target\":{\"@type\":\"EntryPoint\",\"urlTemplate\":\"https:\\\/\\\/www.divique.com\\\/sk?s={search_term_string}\"},\"query-input\":{\"@type\":\"PropertyValueSpecification\",\"valueRequired\":true,\"valueName\":\"search_term_string\"}}],\"inLanguage\":\"sk-SK\"},{\"@type\":\"Organization\",\"@id\":\"https:\\\/\\\/www.divique.com\\\/sk#organization\",\"name\":\"DIVIQUE s.r.o.\",\"url\":\"https:\\\/\\\/www.divique.com\\\/sk\",\"logo\":{\"@type\":\"ImageObject\",\"inLanguage\":\"sk-SK\",\"@id\":\"https:\\\/\\\/www.divique.com\\\/sk#\\\/schema\\\/logo\\\/image\\\/\",\"url\":\"https:\\\/\\\/www.divique.com\\\/wp-content\\\/uploads\\\/2022\\\/04\\\/divique-logo.png\",\"contentUrl\":\"https:\\\/\\\/www.divique.com\\\/wp-content\\\/uploads\\\/2022\\\/04\\\/divique-logo.png\",\"width\":196,\"height\":64,\"caption\":\"DIVIQUE s.r.o.\"},\"image\":{\"@id\":\"https:\\\/\\\/www.divique.com\\\/sk#\\\/schema\\\/logo\\\/image\\\/\"}}]}<\/script>\n<!-- \/ Yoast SEO plugin. -->","yoast_head_json":{"title":"Divique Collagen Hyaluron Shots - Divique.com","description":"Divique kolag\u00e9nov\u00e9 ampulky s 4000 mg kolag\u00e9nu, 100 mg hyalur\u00f3nu a jahodovou chu\u0165ou, sladen\u00e9 medom a st\u00e9viou.","robots":{"index":"index","follow":"follow","max-snippet":"max-snippet:-1","max-image-preview":"max-image-preview:large","max-video-preview":"max-video-preview:-1"},"canonical":"https:\/\/www.divique.com\/sk\/produkt\/divique-collagen-hyaluron-shots","og_locale":"sk_SK","og_type":"article","og_title":"Divique Collagen Hyaluron Shots - Divique.com","og_description":"Divique kolag\u00e9nov\u00e9 ampulky s 4000 mg kolag\u00e9nu, 100 mg hyalur\u00f3nu a jahodovou chu\u0165ou, sladen\u00e9 medom a st\u00e9viou.","og_url":"https:\/\/www.divique.com\/sk\/produkt\/divique-collagen-hyaluron-shots","og_site_name":"Divique.com","article_modified_time":"2024-09-27T12:06:29+00:00","og_image":[{"width":1500,"height":1500,"url":"https:\/\/www.divique.com\/wp-content\/uploads\/divique-collagenhyaluron-shots.png","type":"image\/png"}],"twitter_card":"summary_large_image","twitter_misc":{"Predpokladan\u00fd \u010das \u010d\u00edtania":"2 min\u00faty"},"schema":{"@context":"https:\/\/schema.org","@graph":[{"@type":"WebPage","@id":"https:\/\/www.divique.com\/sk\/produkt\/divique-collagen-hyaluron-shots","url":"https:\/\/www.divique.com\/sk\/produkt\/divique-collagen-hyaluron-shots","name":"Divique Collagen Hyaluron Shots - Divique.com","isPartOf":{"@id":"https:\/\/www.divique.com\/sk#website"},"primaryImageOfPage":{"@id":"https:\/\/www.divique.com\/sk\/produkt\/divique-collagen-hyaluron-shots#primaryimage"},"image":{"@id":"https:\/\/www.divique.com\/sk\/produkt\/divique-collagen-hyaluron-shots#primaryimage"},"thumbnailUrl":"https:\/\/www.divique.com\/wp-content\/uploads\/divique-collagenhyaluron-shots.png","datePublished":"2023-10-13T14:53:30+00:00","dateModified":"2024-09-27T12:06:29+00:00","description":"Divique kolag\u00e9nov\u00e9 ampulky s 4000 mg kolag\u00e9nu, 100 mg hyalur\u00f3nu a jahodovou chu\u0165ou, sladen\u00e9 medom a st\u00e9viou.","breadcrumb":{"@id":"https:\/\/www.divique.com\/sk\/produkt\/divique-collagen-hyaluron-shots#breadcrumb"},"inLanguage":"sk-SK","potentialAction":[{"@type":"ReadAction","target":["https:\/\/www.divique.com\/sk\/produkt\/divique-collagen-hyaluron-shots"]}]},{"@type":"ImageObject","inLanguage":"sk-SK","@id":"https:\/\/www.divique.com\/sk\/produkt\/divique-collagen-hyaluron-shots#primaryimage","url":"https:\/\/www.divique.com\/wp-content\/uploads\/divique-collagenhyaluron-shots.png","contentUrl":"https:\/\/www.divique.com\/wp-content\/uploads\/divique-collagenhyaluron-shots.png","width":1500,"height":1500},{"@type":"BreadcrumbList","@id":"https:\/\/www.divique.com\/sk\/produkt\/divique-collagen-hyaluron-shots#breadcrumb","itemListElement":[{"@type":"ListItem","position":1,"name":"Home","item":"https:\/\/www.divique.com\/sk"},{"@type":"ListItem","position":2,"name":"Shop","item":"https:\/\/www.divique.com\/sk\/shop"},{"@type":"ListItem","position":3,"name":"Divique Collagen Hyaluron Shots"}]},{"@type":"WebSite","@id":"https:\/\/www.divique.com\/sk#website","url":"https:\/\/www.divique.com\/sk","name":"Divique.com","description":"Be Divique. Kolagenov\u00e1 \u0159ada pro sebev\u011bdom\u00e9 \u017eeny. Kolagen a kyselina hyaluronov\u00e1 ve form\u011b, kter\u00e1 V\u00e1m bude vyhovovat.","publisher":{"@id":"https:\/\/www.divique.com\/sk#organization"},"potentialAction":[{"@type":"SearchAction","target":{"@type":"EntryPoint","urlTemplate":"https:\/\/www.divique.com\/sk?s={search_term_string}"},"query-input":{"@type":"PropertyValueSpecification","valueRequired":true,"valueName":"search_term_string"}}],"inLanguage":"sk-SK"},{"@type":"Organization","@id":"https:\/\/www.divique.com\/sk#organization","name":"DIVIQUE s.r.o.","url":"https:\/\/www.divique.com\/sk","logo":{"@type":"ImageObject","inLanguage":"sk-SK","@id":"https:\/\/www.divique.com\/sk#\/schema\/logo\/image\/","url":"https:\/\/www.divique.com\/wp-content\/uploads\/2022\/04\/divique-logo.png","contentUrl":"https:\/\/www.divique.com\/wp-content\/uploads\/2022\/04\/divique-logo.png","width":196,"height":64,"caption":"DIVIQUE s.r.o."},"image":{"@id":"https:\/\/www.divique.com\/sk#\/schema\/logo\/image\/"}}]}},"_links":{"self":[{"href":"https:\/\/www.divique.com\/sk\/wp-json\/wp\/v2\/product\/1558","targetHints":{"allow":["GET"]}}],"collection":[{"href":"https:\/\/www.divique.com\/sk\/wp-json\/wp\/v2\/product"}],"about":[{"href":"https:\/\/www.divique.com\/sk\/wp-json\/wp\/v2\/types\/product"}],"wp:featuredmedia":[{"embeddable":true,"href":"https:\/\/www.divique.com\/sk\/wp-json\/wp\/v2\/media\/1406"}],"wp:attachment":[{"href":"https:\/\/www.divique.com\/sk\/wp-json\/wp\/v2\/media?parent=1558"}],"wp:term":[{"taxonomy":"product_brand","embeddable":true,"href":"https:\/\/www.divique.com\/sk\/wp-json\/wp\/v2\/product_brand?post=1558"},{"taxonomy":"product_cat","embeddable":true,"href":"https:\/\/www.divique.com\/sk\/wp-json\/wp\/v2\/product_cat?post=1558"},{"taxonomy":"product_tag","embeddable":true,"href":"https:\/\/www.divique.com\/sk\/wp-json\/wp\/v2\/product_tag?post=1558"}],"curies":[{"name":"wp","href":"https:\/\/api.w.org\/{rel}","templated":true}]}}