{"id":1556,"date":"2023-10-13T14:52:03","date_gmt":"2023-10-13T14:52:03","guid":{"rendered":"https:\/\/www.divique.com\/produkt\/divique-vitamin-c"},"modified":"2024-09-27T11:59:07","modified_gmt":"2024-09-27T11:59:07","slug":"divique-vitamin-c","status":"publish","type":"product","link":"https:\/\/www.divique.com\/sk\/produkt\/divique-vitamin-c","title":{"rendered":"Divique vitam\u00edn C z Camu Camu (30 kaps\u00fal)"},"content":{"rendered":"<p>Divique Vitam\u00edn C kapsule s\u00fa ide\u00e1lnym doplnkom pre ka\u017ed\u00e9ho, kto chce podpori\u0165 svoje zdravie a vitalitu prirodzenou cestou. V\u010faka obsahu extraktu z plodov Camu Camu, ktor\u00e9 s\u00fa najbohat\u0161\u00edm prirodzen\u00fdm zdrojom vitam\u00ednu C na svete, poskytuje tento produkt siln\u00fa d\u00e1vku antioxidantov, ktor\u00e9 chr\u00e1nia bunky pred oxida\u010dn\u00fdm stresom. Okrem toho vitam\u00edn C prispieva k norm\u00e1lnej funkcii imunitn\u00e9ho syst\u00e9mu a podporuje norm\u00e1lnu tvorbu kolag\u00e9nu pre spr\u00e1vnu funkciu chrupaviek.<\/p>\n<p>Pravideln\u00e1 konzum\u00e1cia Divique Vitam\u00edn C kaps\u00fal v spojen\u00ed s kolag\u00e9nov\u00fdmi doplnkami v\u00fdrazne prispieva k udr\u017eaniu mladistv\u00e9ho vzh\u013eadu.<\/p>\n<p><strong>D\u00e1vkovanie a pou\u017eitie:<\/strong><\/p>\n<p>U\u017e\u00edvajte jednu kapsulu denne a zapite dostato\u010dn\u00fdm mno\u017estvom vody. Balenie obsahuje dostatok kaps\u00fal na ka\u017edodenn\u00e9 u\u017e\u00edvanie po\u010das cel\u00e9ho mesiaca.<\/p>\n<p><strong>\u010cist\u00e9 zlo\u017eenie:<\/strong><\/p>\n<p>Obsahuje 500 mg extraktu z Camu Camu, z toho 125 mg \u010dist\u00e9ho vitam\u00ednu C v dennej d\u00e1vke. Vhodn\u00e9 pre osoby, ktor\u00e9 h\u013eadaj\u00fa \u010disto rastlinn\u00fd a \u00fa\u010dinn\u00fd zdroj vitam\u00ednu C. Produkt je bez ak\u00fdchko\u013evek \u010fal\u0161\u00edch pr\u00edsad.<\/p>\n<p><strong>Pre\u010do si vybra\u0165 vitam\u00edn C:<\/strong><\/p>\n<p>Vitam\u00edn C je v spojen\u00ed s kolag\u00e9nov\u00fdmi doplnkami Divique ide\u00e1lnym pomocn\u00edkom v ka\u017edodennej starostlivosti o zdravie, vitalitu a kr\u00e1su.<\/p>\n<p><strong>Upozornenie:<\/strong><\/p>\n<p>V\u00fd\u017eivov\u00fd doplnok nie je n\u00e1hradou pestrej a vyv\u00e1\u017eenej stravy ani zdrav\u00e9ho \u017eivotn\u00e9ho \u0161t\u00fdlu. Uchov\u00e1vajte mimo dosahu mal\u00fdch det\u00ed a skladujte na suchom mieste pri teplote do 25 \u00b0C.<\/p>\n","protected":false},"excerpt":{"rendered":"<ul>\n<li>Vynikaj\u00faci v\u010faka obsahu extraktu z plodu Camu Camu s najvy\u0161\u0161\u00edm prirodzen\u00fdm obsahom vitam\u00ednu C na svete.<\/li>\n<li>Posil\u0148uje \u00fa\u010dinky Divique multikolag\u00e9nu a podporuje norm\u00e1lne fungovanie imunitn\u00e9ho syst\u00e9mu.<\/li>\n<li>Prispieva k ochrane buniek pred oxida\u010dn\u00fdm stresom a zni\u017euje \u00fanavu a vy\u010derpanos\u0165.<\/li>\n<li>Podporuje norm\u00e1lne fungovanie nervov\u00e9ho syst\u00e9mu. Bez \u010fal\u0161\u00edch pr\u00edsad, \u010disto pr\u00edrodn\u00e9 zlo\u017eenie.<\/li>\n<\/ul>\n","protected":false},"featured_media":1402,"template":"","meta":{"_acf_changed":false},"product_brand":[],"product_cat":[57],"product_tag":[],"class_list":{"0":"post-1556","1":"product","2":"type-product","3":"status-publish","4":"has-post-thumbnail","6":"product_cat-uncategorized-sk","8":"first","9":"instock","10":"taxable","11":"shipping-taxable","12":"purchasable","13":"product-type-simple"},"acf":[],"yoast_head":"<!-- This site is optimized with the Yoast SEO plugin v27.4 - https:\/\/yoast.com\/product\/yoast-seo-wordpress\/ -->\n<title>Divique vitam\u00edn C z Camu Camu (30 kaps\u00fal) - Divique.com<\/title>\n<meta name=\"description\" content=\"Vynik\u00e1 extraktom z CamuCamu s rekordn\u00fdm obsahom vitam\u00ednu C, zvy\u0161uje \u00fa\u010dinok kolag\u00e9nu a podporuje imunitu, ochranu buniek a nervov\u00fd syst\u00e9m.\" \/>\n<meta name=\"robots\" content=\"index, follow, max-snippet:-1, max-image-preview:large, max-video-preview:-1\" \/>\n<link rel=\"canonical\" href=\"https:\/\/www.divique.com\/sk\/produkt\/divique-vitamin-c\" \/>\n<meta property=\"og:locale\" content=\"sk_SK\" \/>\n<meta property=\"og:type\" content=\"article\" \/>\n<meta property=\"og:title\" content=\"Divique vitam\u00edn C z Camu Camu (30 kaps\u00fal) - Divique.com\" \/>\n<meta property=\"og:description\" content=\"Vynik\u00e1 extraktom z CamuCamu s rekordn\u00fdm obsahom vitam\u00ednu C, zvy\u0161uje \u00fa\u010dinok kolag\u00e9nu a podporuje imunitu, ochranu buniek a nervov\u00fd syst\u00e9m.\" \/>\n<meta property=\"og:url\" content=\"https:\/\/www.divique.com\/sk\/produkt\/divique-vitamin-c\" \/>\n<meta property=\"og:site_name\" content=\"Divique.com\" \/>\n<meta property=\"article:modified_time\" content=\"2024-09-27T11:59:07+00:00\" \/>\n<meta property=\"og:image\" content=\"https:\/\/www.divique.com\/wp-content\/uploads\/divique-vitaminc-capsules.png\" \/>\n\t<meta property=\"og:image:width\" content=\"1500\" \/>\n\t<meta property=\"og:image:height\" content=\"1500\" \/>\n\t<meta property=\"og:image:type\" content=\"image\/png\" \/>\n<meta name=\"twitter:card\" content=\"summary_large_image\" \/>\n<meta name=\"twitter:label1\" content=\"Predpokladan\u00fd \u010das \u010d\u00edtania\" \/>\n\t<meta name=\"twitter:data1\" content=\"4 min\u00faty\" \/>\n<script type=\"application\/ld+json\" class=\"yoast-schema-graph\">{\"@context\":\"https:\\\/\\\/schema.org\",\"@graph\":[{\"@type\":\"WebPage\",\"@id\":\"https:\\\/\\\/www.divique.com\\\/sk\\\/produkt\\\/divique-vitamin-c\",\"url\":\"https:\\\/\\\/www.divique.com\\\/sk\\\/produkt\\\/divique-vitamin-c\",\"name\":\"Divique vitam\u00edn C z Camu Camu (30 kaps\u00fal) - Divique.com\",\"isPartOf\":{\"@id\":\"https:\\\/\\\/www.divique.com\\\/sk#website\"},\"primaryImageOfPage\":{\"@id\":\"https:\\\/\\\/www.divique.com\\\/sk\\\/produkt\\\/divique-vitamin-c#primaryimage\"},\"image\":{\"@id\":\"https:\\\/\\\/www.divique.com\\\/sk\\\/produkt\\\/divique-vitamin-c#primaryimage\"},\"thumbnailUrl\":\"https:\\\/\\\/www.divique.com\\\/wp-content\\\/uploads\\\/divique-vitaminc-capsules.png\",\"datePublished\":\"2023-10-13T14:52:03+00:00\",\"dateModified\":\"2024-09-27T11:59:07+00:00\",\"description\":\"Vynik\u00e1 extraktom z CamuCamu s rekordn\u00fdm obsahom vitam\u00ednu C, zvy\u0161uje \u00fa\u010dinok kolag\u00e9nu a podporuje imunitu, ochranu buniek a nervov\u00fd syst\u00e9m.\",\"breadcrumb\":{\"@id\":\"https:\\\/\\\/www.divique.com\\\/sk\\\/produkt\\\/divique-vitamin-c#breadcrumb\"},\"inLanguage\":\"sk-SK\",\"potentialAction\":[{\"@type\":\"ReadAction\",\"target\":[\"https:\\\/\\\/www.divique.com\\\/sk\\\/produkt\\\/divique-vitamin-c\"]}]},{\"@type\":\"ImageObject\",\"inLanguage\":\"sk-SK\",\"@id\":\"https:\\\/\\\/www.divique.com\\\/sk\\\/produkt\\\/divique-vitamin-c#primaryimage\",\"url\":\"https:\\\/\\\/www.divique.com\\\/wp-content\\\/uploads\\\/divique-vitaminc-capsules.png\",\"contentUrl\":\"https:\\\/\\\/www.divique.com\\\/wp-content\\\/uploads\\\/divique-vitaminc-capsules.png\",\"width\":1500,\"height\":1500},{\"@type\":\"BreadcrumbList\",\"@id\":\"https:\\\/\\\/www.divique.com\\\/sk\\\/produkt\\\/divique-vitamin-c#breadcrumb\",\"itemListElement\":[{\"@type\":\"ListItem\",\"position\":1,\"name\":\"Home\",\"item\":\"https:\\\/\\\/www.divique.com\\\/sk\"},{\"@type\":\"ListItem\",\"position\":2,\"name\":\"Shop\",\"item\":\"https:\\\/\\\/www.divique.com\\\/sk\\\/shop\"},{\"@type\":\"ListItem\",\"position\":3,\"name\":\"Divique vitam\u00edn C z Camu Camu (30 kaps\u00fal)\"}]},{\"@type\":\"WebSite\",\"@id\":\"https:\\\/\\\/www.divique.com\\\/sk#website\",\"url\":\"https:\\\/\\\/www.divique.com\\\/sk\",\"name\":\"Divique.com\",\"description\":\"Be Divique. Kolagenov\u00e1 \u0159ada pro sebev\u011bdom\u00e9 \u017eeny. Kolagen a kyselina hyaluronov\u00e1 ve form\u011b, kter\u00e1 V\u00e1m bude vyhovovat.\",\"publisher\":{\"@id\":\"https:\\\/\\\/www.divique.com\\\/sk#organization\"},\"potentialAction\":[{\"@type\":\"SearchAction\",\"target\":{\"@type\":\"EntryPoint\",\"urlTemplate\":\"https:\\\/\\\/www.divique.com\\\/sk?s={search_term_string}\"},\"query-input\":{\"@type\":\"PropertyValueSpecification\",\"valueRequired\":true,\"valueName\":\"search_term_string\"}}],\"inLanguage\":\"sk-SK\"},{\"@type\":\"Organization\",\"@id\":\"https:\\\/\\\/www.divique.com\\\/sk#organization\",\"name\":\"DIVIQUE s.r.o.\",\"url\":\"https:\\\/\\\/www.divique.com\\\/sk\",\"logo\":{\"@type\":\"ImageObject\",\"inLanguage\":\"sk-SK\",\"@id\":\"https:\\\/\\\/www.divique.com\\\/sk#\\\/schema\\\/logo\\\/image\\\/\",\"url\":\"https:\\\/\\\/www.divique.com\\\/wp-content\\\/uploads\\\/2022\\\/04\\\/divique-logo.png\",\"contentUrl\":\"https:\\\/\\\/www.divique.com\\\/wp-content\\\/uploads\\\/2022\\\/04\\\/divique-logo.png\",\"width\":196,\"height\":64,\"caption\":\"DIVIQUE s.r.o.\"},\"image\":{\"@id\":\"https:\\\/\\\/www.divique.com\\\/sk#\\\/schema\\\/logo\\\/image\\\/\"}}]}<\/script>\n<!-- \/ Yoast SEO plugin. -->","yoast_head_json":{"title":"Divique vitam\u00edn C z Camu Camu (30 kaps\u00fal) - Divique.com","description":"Vynik\u00e1 extraktom z CamuCamu s rekordn\u00fdm obsahom vitam\u00ednu C, zvy\u0161uje \u00fa\u010dinok kolag\u00e9nu a podporuje imunitu, ochranu buniek a nervov\u00fd syst\u00e9m.","robots":{"index":"index","follow":"follow","max-snippet":"max-snippet:-1","max-image-preview":"max-image-preview:large","max-video-preview":"max-video-preview:-1"},"canonical":"https:\/\/www.divique.com\/sk\/produkt\/divique-vitamin-c","og_locale":"sk_SK","og_type":"article","og_title":"Divique vitam\u00edn C z Camu Camu (30 kaps\u00fal) - Divique.com","og_description":"Vynik\u00e1 extraktom z CamuCamu s rekordn\u00fdm obsahom vitam\u00ednu C, zvy\u0161uje \u00fa\u010dinok kolag\u00e9nu a podporuje imunitu, ochranu buniek a nervov\u00fd syst\u00e9m.","og_url":"https:\/\/www.divique.com\/sk\/produkt\/divique-vitamin-c","og_site_name":"Divique.com","article_modified_time":"2024-09-27T11:59:07+00:00","og_image":[{"width":1500,"height":1500,"url":"https:\/\/www.divique.com\/wp-content\/uploads\/divique-vitaminc-capsules.png","type":"image\/png"}],"twitter_card":"summary_large_image","twitter_misc":{"Predpokladan\u00fd \u010das \u010d\u00edtania":"4 min\u00faty"},"schema":{"@context":"https:\/\/schema.org","@graph":[{"@type":"WebPage","@id":"https:\/\/www.divique.com\/sk\/produkt\/divique-vitamin-c","url":"https:\/\/www.divique.com\/sk\/produkt\/divique-vitamin-c","name":"Divique vitam\u00edn C z Camu Camu (30 kaps\u00fal) - Divique.com","isPartOf":{"@id":"https:\/\/www.divique.com\/sk#website"},"primaryImageOfPage":{"@id":"https:\/\/www.divique.com\/sk\/produkt\/divique-vitamin-c#primaryimage"},"image":{"@id":"https:\/\/www.divique.com\/sk\/produkt\/divique-vitamin-c#primaryimage"},"thumbnailUrl":"https:\/\/www.divique.com\/wp-content\/uploads\/divique-vitaminc-capsules.png","datePublished":"2023-10-13T14:52:03+00:00","dateModified":"2024-09-27T11:59:07+00:00","description":"Vynik\u00e1 extraktom z CamuCamu s rekordn\u00fdm obsahom vitam\u00ednu C, zvy\u0161uje \u00fa\u010dinok kolag\u00e9nu a podporuje imunitu, ochranu buniek a nervov\u00fd syst\u00e9m.","breadcrumb":{"@id":"https:\/\/www.divique.com\/sk\/produkt\/divique-vitamin-c#breadcrumb"},"inLanguage":"sk-SK","potentialAction":[{"@type":"ReadAction","target":["https:\/\/www.divique.com\/sk\/produkt\/divique-vitamin-c"]}]},{"@type":"ImageObject","inLanguage":"sk-SK","@id":"https:\/\/www.divique.com\/sk\/produkt\/divique-vitamin-c#primaryimage","url":"https:\/\/www.divique.com\/wp-content\/uploads\/divique-vitaminc-capsules.png","contentUrl":"https:\/\/www.divique.com\/wp-content\/uploads\/divique-vitaminc-capsules.png","width":1500,"height":1500},{"@type":"BreadcrumbList","@id":"https:\/\/www.divique.com\/sk\/produkt\/divique-vitamin-c#breadcrumb","itemListElement":[{"@type":"ListItem","position":1,"name":"Home","item":"https:\/\/www.divique.com\/sk"},{"@type":"ListItem","position":2,"name":"Shop","item":"https:\/\/www.divique.com\/sk\/shop"},{"@type":"ListItem","position":3,"name":"Divique vitam\u00edn C z Camu Camu (30 kaps\u00fal)"}]},{"@type":"WebSite","@id":"https:\/\/www.divique.com\/sk#website","url":"https:\/\/www.divique.com\/sk","name":"Divique.com","description":"Be Divique. Kolagenov\u00e1 \u0159ada pro sebev\u011bdom\u00e9 \u017eeny. Kolagen a kyselina hyaluronov\u00e1 ve form\u011b, kter\u00e1 V\u00e1m bude vyhovovat.","publisher":{"@id":"https:\/\/www.divique.com\/sk#organization"},"potentialAction":[{"@type":"SearchAction","target":{"@type":"EntryPoint","urlTemplate":"https:\/\/www.divique.com\/sk?s={search_term_string}"},"query-input":{"@type":"PropertyValueSpecification","valueRequired":true,"valueName":"search_term_string"}}],"inLanguage":"sk-SK"},{"@type":"Organization","@id":"https:\/\/www.divique.com\/sk#organization","name":"DIVIQUE s.r.o.","url":"https:\/\/www.divique.com\/sk","logo":{"@type":"ImageObject","inLanguage":"sk-SK","@id":"https:\/\/www.divique.com\/sk#\/schema\/logo\/image\/","url":"https:\/\/www.divique.com\/wp-content\/uploads\/2022\/04\/divique-logo.png","contentUrl":"https:\/\/www.divique.com\/wp-content\/uploads\/2022\/04\/divique-logo.png","width":196,"height":64,"caption":"DIVIQUE s.r.o."},"image":{"@id":"https:\/\/www.divique.com\/sk#\/schema\/logo\/image\/"}}]}},"_links":{"self":[{"href":"https:\/\/www.divique.com\/sk\/wp-json\/wp\/v2\/product\/1556","targetHints":{"allow":["GET"]}}],"collection":[{"href":"https:\/\/www.divique.com\/sk\/wp-json\/wp\/v2\/product"}],"about":[{"href":"https:\/\/www.divique.com\/sk\/wp-json\/wp\/v2\/types\/product"}],"wp:featuredmedia":[{"embeddable":true,"href":"https:\/\/www.divique.com\/sk\/wp-json\/wp\/v2\/media\/1402"}],"wp:attachment":[{"href":"https:\/\/www.divique.com\/sk\/wp-json\/wp\/v2\/media?parent=1556"}],"wp:term":[{"taxonomy":"product_brand","embeddable":true,"href":"https:\/\/www.divique.com\/sk\/wp-json\/wp\/v2\/product_brand?post=1556"},{"taxonomy":"product_cat","embeddable":true,"href":"https:\/\/www.divique.com\/sk\/wp-json\/wp\/v2\/product_cat?post=1556"},{"taxonomy":"product_tag","embeddable":true,"href":"https:\/\/www.divique.com\/sk\/wp-json\/wp\/v2\/product_tag?post=1556"}],"curies":[{"name":"wp","href":"https:\/\/api.w.org\/{rel}","templated":true}]}}