{"id":1742,"date":"2022-02-21T14:17:20","date_gmt":"2022-02-21T14:17:20","guid":{"rendered":"https:\/\/www.divique.com\/home"},"modified":"2024-11-29T12:48:54","modified_gmt":"2024-11-29T12:48:54","slug":"home","status":"publish","type":"page","link":"https:\/\/www.divique.com\/sk","title":{"rendered":"Home"},"content":{"rendered":"","protected":false},"excerpt":{"rendered":"","protected":false},"author":1,"featured_media":0,"parent":0,"menu_order":0,"comment_status":"closed","ping_status":"closed","template":"","meta":{"_acf_changed":false,"footnotes":""},"class_list":["post-1742","page","type-page","status-publish","hentry"],"acf":[],"yoast_head":"<!-- This site is optimized with the Yoast SEO plugin v27.4 - https:\/\/yoast.com\/product\/yoast-seo-wordpress\/ -->\n<title>Be Divique - podpor svoju kr\u00e1su zvn\u00fatra s na\u0161\u00edm kolag\u00e9nov\u00fdm radom<\/title>\n<meta name=\"description\" content=\"Be Divique. Kolag\u00e9nov\u00fd rad pre sebavedom\u00e9 \u017eeny. Kolag\u00e9n a kyselina hyalur\u00f3nov\u00e1 vo forme, ktor\u00e1 V\u00e1m bude vyhovova\u0165.\" \/>\n<meta name=\"robots\" content=\"index, follow, max-snippet:-1, max-image-preview:large, max-video-preview:-1\" \/>\n<link rel=\"canonical\" href=\"https:\/\/www.divique.com\/sk\" \/>\n<meta property=\"og:locale\" content=\"sk_SK\" \/>\n<meta property=\"og:type\" content=\"article\" \/>\n<meta property=\"og:title\" content=\"Be Divique - podpor svoju kr\u00e1su zvn\u00fatra s na\u0161\u00edm kolag\u00e9nov\u00fdm radom\" \/>\n<meta property=\"og:description\" content=\"Be Divique. Kolag\u00e9nov\u00fd rad pre sebavedom\u00e9 \u017eeny. Kolag\u00e9n a kyselina hyalur\u00f3nov\u00e1 vo forme, ktor\u00e1 V\u00e1m bude vyhovova\u0165.\" \/>\n<meta property=\"og:url\" content=\"https:\/\/www.divique.com\/sk\" \/>\n<meta property=\"og:site_name\" content=\"Divique.com\" \/>\n<meta property=\"article:modified_time\" content=\"2024-11-29T12:48:54+00:00\" \/>\n<meta name=\"twitter:card\" content=\"summary_large_image\" \/>\n<meta name=\"twitter:label1\" content=\"Predpokladan\u00fd \u010das \u010d\u00edtania\" \/>\n\t<meta name=\"twitter:data1\" content=\"6 min\u00fat\" \/>\n<script type=\"application\/ld+json\" class=\"yoast-schema-graph\">{\"@context\":\"https:\\\/\\\/schema.org\",\"@graph\":[{\"@type\":\"WebPage\",\"@id\":\"https:\\\/\\\/www.divique.com\\\/sk\",\"url\":\"https:\\\/\\\/www.divique.com\\\/sk\",\"name\":\"Be Divique - podpor svoju kr\u00e1su zvn\u00fatra s na\u0161\u00edm kolag\u00e9nov\u00fdm radom\",\"isPartOf\":{\"@id\":\"https:\\\/\\\/www.divique.com\\\/sk#website\"},\"datePublished\":\"2022-02-21T14:17:20+00:00\",\"dateModified\":\"2024-11-29T12:48:54+00:00\",\"description\":\"Be Divique. Kolag\u00e9nov\u00fd rad pre sebavedom\u00e9 \u017eeny. Kolag\u00e9n a kyselina hyalur\u00f3nov\u00e1 vo forme, ktor\u00e1 V\u00e1m bude vyhovova\u0165.\",\"breadcrumb\":{\"@id\":\"https:\\\/\\\/www.divique.com\\\/sk#breadcrumb\"},\"inLanguage\":\"sk-SK\",\"potentialAction\":[{\"@type\":\"ReadAction\",\"target\":[\"https:\\\/\\\/www.divique.com\\\/sk\"]}]},{\"@type\":\"BreadcrumbList\",\"@id\":\"https:\\\/\\\/www.divique.com\\\/sk#breadcrumb\",\"itemListElement\":[{\"@type\":\"ListItem\",\"position\":1,\"name\":\"Home\",\"item\":\"https:\\\/\\\/www.divique.com\\\/sk\"},{\"@type\":\"ListItem\",\"position\":2,\"name\":\"Home\"}]},{\"@type\":\"WebSite\",\"@id\":\"https:\\\/\\\/www.divique.com\\\/sk#website\",\"url\":\"https:\\\/\\\/www.divique.com\\\/sk\",\"name\":\"Divique.com\",\"description\":\"Be Divique. Kolagenov\u00e1 \u0159ada pro sebev\u011bdom\u00e9 \u017eeny. Kolagen a kyselina hyaluronov\u00e1 ve form\u011b, kter\u00e1 V\u00e1m bude vyhovovat.\",\"publisher\":{\"@id\":\"https:\\\/\\\/www.divique.com\\\/sk#organization\"},\"potentialAction\":[{\"@type\":\"SearchAction\",\"target\":{\"@type\":\"EntryPoint\",\"urlTemplate\":\"https:\\\/\\\/www.divique.com\\\/sk?s={search_term_string}\"},\"query-input\":{\"@type\":\"PropertyValueSpecification\",\"valueRequired\":true,\"valueName\":\"search_term_string\"}}],\"inLanguage\":\"sk-SK\"},{\"@type\":\"Organization\",\"@id\":\"https:\\\/\\\/www.divique.com\\\/sk#organization\",\"name\":\"DIVIQUE s.r.o.\",\"url\":\"https:\\\/\\\/www.divique.com\\\/sk\",\"logo\":{\"@type\":\"ImageObject\",\"inLanguage\":\"sk-SK\",\"@id\":\"https:\\\/\\\/www.divique.com\\\/sk#\\\/schema\\\/logo\\\/image\\\/\",\"url\":\"https:\\\/\\\/www.divique.com\\\/wp-content\\\/uploads\\\/2022\\\/04\\\/divique-logo.png\",\"contentUrl\":\"https:\\\/\\\/www.divique.com\\\/wp-content\\\/uploads\\\/2022\\\/04\\\/divique-logo.png\",\"width\":196,\"height\":64,\"caption\":\"DIVIQUE s.r.o.\"},\"image\":{\"@id\":\"https:\\\/\\\/www.divique.com\\\/sk#\\\/schema\\\/logo\\\/image\\\/\"}}]}<\/script>\n<!-- \/ Yoast SEO plugin. -->","yoast_head_json":{"title":"Be Divique - podpor svoju kr\u00e1su zvn\u00fatra s na\u0161\u00edm kolag\u00e9nov\u00fdm radom","description":"Be Divique. Kolag\u00e9nov\u00fd rad pre sebavedom\u00e9 \u017eeny. Kolag\u00e9n a kyselina hyalur\u00f3nov\u00e1 vo forme, ktor\u00e1 V\u00e1m bude vyhovova\u0165.","robots":{"index":"index","follow":"follow","max-snippet":"max-snippet:-1","max-image-preview":"max-image-preview:large","max-video-preview":"max-video-preview:-1"},"canonical":"https:\/\/www.divique.com\/sk","og_locale":"sk_SK","og_type":"article","og_title":"Be Divique - podpor svoju kr\u00e1su zvn\u00fatra s na\u0161\u00edm kolag\u00e9nov\u00fdm radom","og_description":"Be Divique. Kolag\u00e9nov\u00fd rad pre sebavedom\u00e9 \u017eeny. Kolag\u00e9n a kyselina hyalur\u00f3nov\u00e1 vo forme, ktor\u00e1 V\u00e1m bude vyhovova\u0165.","og_url":"https:\/\/www.divique.com\/sk","og_site_name":"Divique.com","article_modified_time":"2024-11-29T12:48:54+00:00","twitter_card":"summary_large_image","twitter_misc":{"Predpokladan\u00fd \u010das \u010d\u00edtania":"6 min\u00fat"},"schema":{"@context":"https:\/\/schema.org","@graph":[{"@type":"WebPage","@id":"https:\/\/www.divique.com\/sk","url":"https:\/\/www.divique.com\/sk","name":"Be Divique - podpor svoju kr\u00e1su zvn\u00fatra s na\u0161\u00edm kolag\u00e9nov\u00fdm radom","isPartOf":{"@id":"https:\/\/www.divique.com\/sk#website"},"datePublished":"2022-02-21T14:17:20+00:00","dateModified":"2024-11-29T12:48:54+00:00","description":"Be Divique. Kolag\u00e9nov\u00fd rad pre sebavedom\u00e9 \u017eeny. Kolag\u00e9n a kyselina hyalur\u00f3nov\u00e1 vo forme, ktor\u00e1 V\u00e1m bude vyhovova\u0165.","breadcrumb":{"@id":"https:\/\/www.divique.com\/sk#breadcrumb"},"inLanguage":"sk-SK","potentialAction":[{"@type":"ReadAction","target":["https:\/\/www.divique.com\/sk"]}]},{"@type":"BreadcrumbList","@id":"https:\/\/www.divique.com\/sk#breadcrumb","itemListElement":[{"@type":"ListItem","position":1,"name":"Home","item":"https:\/\/www.divique.com\/sk"},{"@type":"ListItem","position":2,"name":"Home"}]},{"@type":"WebSite","@id":"https:\/\/www.divique.com\/sk#website","url":"https:\/\/www.divique.com\/sk","name":"Divique.com","description":"Be Divique. Kolagenov\u00e1 \u0159ada pro sebev\u011bdom\u00e9 \u017eeny. Kolagen a kyselina hyaluronov\u00e1 ve form\u011b, kter\u00e1 V\u00e1m bude vyhovovat.","publisher":{"@id":"https:\/\/www.divique.com\/sk#organization"},"potentialAction":[{"@type":"SearchAction","target":{"@type":"EntryPoint","urlTemplate":"https:\/\/www.divique.com\/sk?s={search_term_string}"},"query-input":{"@type":"PropertyValueSpecification","valueRequired":true,"valueName":"search_term_string"}}],"inLanguage":"sk-SK"},{"@type":"Organization","@id":"https:\/\/www.divique.com\/sk#organization","name":"DIVIQUE s.r.o.","url":"https:\/\/www.divique.com\/sk","logo":{"@type":"ImageObject","inLanguage":"sk-SK","@id":"https:\/\/www.divique.com\/sk#\/schema\/logo\/image\/","url":"https:\/\/www.divique.com\/wp-content\/uploads\/2022\/04\/divique-logo.png","contentUrl":"https:\/\/www.divique.com\/wp-content\/uploads\/2022\/04\/divique-logo.png","width":196,"height":64,"caption":"DIVIQUE s.r.o."},"image":{"@id":"https:\/\/www.divique.com\/sk#\/schema\/logo\/image\/"}}]}},"_links":{"self":[{"href":"https:\/\/www.divique.com\/sk\/wp-json\/wp\/v2\/pages\/1742","targetHints":{"allow":["GET"]}}],"collection":[{"href":"https:\/\/www.divique.com\/sk\/wp-json\/wp\/v2\/pages"}],"about":[{"href":"https:\/\/www.divique.com\/sk\/wp-json\/wp\/v2\/types\/page"}],"author":[{"embeddable":true,"href":"https:\/\/www.divique.com\/sk\/wp-json\/wp\/v2\/users\/1"}],"replies":[{"embeddable":true,"href":"https:\/\/www.divique.com\/sk\/wp-json\/wp\/v2\/comments?post=1742"}],"version-history":[{"count":1,"href":"https:\/\/www.divique.com\/sk\/wp-json\/wp\/v2\/pages\/1742\/revisions"}],"predecessor-version":[{"id":1743,"href":"https:\/\/www.divique.com\/sk\/wp-json\/wp\/v2\/pages\/1742\/revisions\/1743"}],"wp:attachment":[{"href":"https:\/\/www.divique.com\/sk\/wp-json\/wp\/v2\/media?parent=1742"}],"curies":[{"name":"wp","href":"https:\/\/api.w.org\/{rel}","templated":true}]}}