{"id":3344,"date":"2023-04-12T10:41:43","date_gmt":"2023-04-12T10:41:43","guid":{"rendered":"https:\/\/www.divique.com\/potvrdte-e-mail"},"modified":"2025-08-04T09:40:26","modified_gmt":"2025-08-04T09:40:26","slug":"confirmez-adresse-email","status":"publish","type":"page","link":"https:\/\/www.divique.com\/fr\/confirmez-adresse-email","title":{"rendered":"Confirmez votre adresse e-mail"},"content":{"rendered":"","protected":false},"excerpt":{"rendered":"","protected":false},"author":1,"featured_media":0,"parent":0,"menu_order":0,"comment_status":"closed","ping_status":"closed","template":"","meta":{"_acf_changed":false,"footnotes":""},"class_list":["post-3344","page","type-page","status-publish","hentry"],"acf":[],"yoast_head":"<!-- This site is optimized with the Yoast SEO plugin v27.4 - https:\/\/yoast.com\/product\/yoast-seo-wordpress\/ -->\n<title>Confirmez votre adresse e-mail - Divique.com<\/title>\n<meta name=\"robots\" content=\"noindex, follow\" \/>\n<meta property=\"og:locale\" content=\"fr_FR\" \/>\n<meta property=\"og:type\" content=\"article\" \/>\n<meta property=\"og:title\" content=\"Confirmez votre adresse e-mail - Divique.com\" \/>\n<meta property=\"og:url\" content=\"https:\/\/www.divique.com\/fr\/confirmez-adresse-email\" \/>\n<meta property=\"og:site_name\" content=\"Divique.com\" \/>\n<meta property=\"article:modified_time\" content=\"2025-08-04T09:40:26+00:00\" \/>\n<meta name=\"twitter:card\" content=\"summary_large_image\" \/>\n<meta name=\"twitter:label1\" content=\"Dur\u00e9e de lecture estim\u00e9e\" \/>\n\t<meta name=\"twitter:data1\" content=\"1 minute\" \/>\n<script type=\"application\/ld+json\" class=\"yoast-schema-graph\">{\"@context\":\"https:\\\/\\\/schema.org\",\"@graph\":[{\"@type\":\"WebPage\",\"@id\":\"https:\\\/\\\/www.divique.com\\\/fr\\\/confirmez-adresse-email\",\"url\":\"https:\\\/\\\/www.divique.com\\\/fr\\\/confirmez-adresse-email\",\"name\":\"Confirmez votre adresse e-mail - Divique.com\",\"isPartOf\":{\"@id\":\"https:\\\/\\\/www.divique.com\\\/fr#website\"},\"datePublished\":\"2023-04-12T10:41:43+00:00\",\"dateModified\":\"2025-08-04T09:40:26+00:00\",\"breadcrumb\":{\"@id\":\"https:\\\/\\\/www.divique.com\\\/fr\\\/confirmez-adresse-email#breadcrumb\"},\"inLanguage\":\"fr-FR\",\"potentialAction\":[{\"@type\":\"ReadAction\",\"target\":[\"https:\\\/\\\/www.divique.com\\\/fr\\\/confirmez-adresse-email\"]}]},{\"@type\":\"BreadcrumbList\",\"@id\":\"https:\\\/\\\/www.divique.com\\\/fr\\\/confirmez-adresse-email#breadcrumb\",\"itemListElement\":[{\"@type\":\"ListItem\",\"position\":1,\"name\":\"Home\",\"item\":\"https:\\\/\\\/www.divique.com\\\/fr\\\/home\"},{\"@type\":\"ListItem\",\"position\":2,\"name\":\"Confirmez votre adresse e-mail\"}]},{\"@type\":\"WebSite\",\"@id\":\"https:\\\/\\\/www.divique.com\\\/fr#website\",\"url\":\"https:\\\/\\\/www.divique.com\\\/fr\",\"name\":\"Divique.com\",\"description\":\"Be Divique. Kolagenov\u00e1 \u0159ada pro sebev\u011bdom\u00e9 \u017eeny. Kolagen a kyselina hyaluronov\u00e1 ve form\u011b, kter\u00e1 V\u00e1m bude vyhovovat.\",\"publisher\":{\"@id\":\"https:\\\/\\\/www.divique.com\\\/fr#organization\"},\"potentialAction\":[{\"@type\":\"SearchAction\",\"target\":{\"@type\":\"EntryPoint\",\"urlTemplate\":\"https:\\\/\\\/www.divique.com\\\/fr?s={search_term_string}\"},\"query-input\":{\"@type\":\"PropertyValueSpecification\",\"valueRequired\":true,\"valueName\":\"search_term_string\"}}],\"inLanguage\":\"fr-FR\"},{\"@type\":\"Organization\",\"@id\":\"https:\\\/\\\/www.divique.com\\\/fr#organization\",\"name\":\"DIVIQUE s.r.o.\",\"url\":\"https:\\\/\\\/www.divique.com\\\/fr\",\"logo\":{\"@type\":\"ImageObject\",\"inLanguage\":\"fr-FR\",\"@id\":\"https:\\\/\\\/www.divique.com\\\/fr#\\\/schema\\\/logo\\\/image\\\/\",\"url\":\"https:\\\/\\\/www.divique.com\\\/wp-content\\\/uploads\\\/2022\\\/04\\\/divique-logo.png\",\"contentUrl\":\"https:\\\/\\\/www.divique.com\\\/wp-content\\\/uploads\\\/2022\\\/04\\\/divique-logo.png\",\"width\":196,\"height\":64,\"caption\":\"DIVIQUE s.r.o.\"},\"image\":{\"@id\":\"https:\\\/\\\/www.divique.com\\\/fr#\\\/schema\\\/logo\\\/image\\\/\"}}]}<\/script>\n<!-- \/ Yoast SEO plugin. -->","yoast_head_json":{"title":"Confirmez votre adresse e-mail - Divique.com","robots":{"index":"noindex","follow":"follow"},"og_locale":"fr_FR","og_type":"article","og_title":"Confirmez votre adresse e-mail - Divique.com","og_url":"https:\/\/www.divique.com\/fr\/confirmez-adresse-email","og_site_name":"Divique.com","article_modified_time":"2025-08-04T09:40:26+00:00","twitter_card":"summary_large_image","twitter_misc":{"Dur\u00e9e de lecture estim\u00e9e":"1 minute"},"schema":{"@context":"https:\/\/schema.org","@graph":[{"@type":"WebPage","@id":"https:\/\/www.divique.com\/fr\/confirmez-adresse-email","url":"https:\/\/www.divique.com\/fr\/confirmez-adresse-email","name":"Confirmez votre adresse e-mail - Divique.com","isPartOf":{"@id":"https:\/\/www.divique.com\/fr#website"},"datePublished":"2023-04-12T10:41:43+00:00","dateModified":"2025-08-04T09:40:26+00:00","breadcrumb":{"@id":"https:\/\/www.divique.com\/fr\/confirmez-adresse-email#breadcrumb"},"inLanguage":"fr-FR","potentialAction":[{"@type":"ReadAction","target":["https:\/\/www.divique.com\/fr\/confirmez-adresse-email"]}]},{"@type":"BreadcrumbList","@id":"https:\/\/www.divique.com\/fr\/confirmez-adresse-email#breadcrumb","itemListElement":[{"@type":"ListItem","position":1,"name":"Home","item":"https:\/\/www.divique.com\/fr\/home"},{"@type":"ListItem","position":2,"name":"Confirmez votre adresse e-mail"}]},{"@type":"WebSite","@id":"https:\/\/www.divique.com\/fr#website","url":"https:\/\/www.divique.com\/fr","name":"Divique.com","description":"Be Divique. Kolagenov\u00e1 \u0159ada pro sebev\u011bdom\u00e9 \u017eeny. Kolagen a kyselina hyaluronov\u00e1 ve form\u011b, kter\u00e1 V\u00e1m bude vyhovovat.","publisher":{"@id":"https:\/\/www.divique.com\/fr#organization"},"potentialAction":[{"@type":"SearchAction","target":{"@type":"EntryPoint","urlTemplate":"https:\/\/www.divique.com\/fr?s={search_term_string}"},"query-input":{"@type":"PropertyValueSpecification","valueRequired":true,"valueName":"search_term_string"}}],"inLanguage":"fr-FR"},{"@type":"Organization","@id":"https:\/\/www.divique.com\/fr#organization","name":"DIVIQUE s.r.o.","url":"https:\/\/www.divique.com\/fr","logo":{"@type":"ImageObject","inLanguage":"fr-FR","@id":"https:\/\/www.divique.com\/fr#\/schema\/logo\/image\/","url":"https:\/\/www.divique.com\/wp-content\/uploads\/2022\/04\/divique-logo.png","contentUrl":"https:\/\/www.divique.com\/wp-content\/uploads\/2022\/04\/divique-logo.png","width":196,"height":64,"caption":"DIVIQUE s.r.o."},"image":{"@id":"https:\/\/www.divique.com\/fr#\/schema\/logo\/image\/"}}]}},"_links":{"self":[{"href":"https:\/\/www.divique.com\/fr\/wp-json\/wp\/v2\/pages\/3344","targetHints":{"allow":["GET"]}}],"collection":[{"href":"https:\/\/www.divique.com\/fr\/wp-json\/wp\/v2\/pages"}],"about":[{"href":"https:\/\/www.divique.com\/fr\/wp-json\/wp\/v2\/types\/page"}],"author":[{"embeddable":true,"href":"https:\/\/www.divique.com\/fr\/wp-json\/wp\/v2\/users\/1"}],"replies":[{"embeddable":true,"href":"https:\/\/www.divique.com\/fr\/wp-json\/wp\/v2\/comments?post=3344"}],"version-history":[{"count":2,"href":"https:\/\/www.divique.com\/fr\/wp-json\/wp\/v2\/pages\/3344\/revisions"}],"predecessor-version":[{"id":3355,"href":"https:\/\/www.divique.com\/fr\/wp-json\/wp\/v2\/pages\/3344\/revisions\/3355"}],"wp:attachment":[{"href":"https:\/\/www.divique.com\/fr\/wp-json\/wp\/v2\/media?parent=3344"}],"curies":[{"name":"wp","href":"https:\/\/api.w.org\/{rel}","templated":true}]}}