{"id":3115,"date":"2025-06-11T14:29:26","date_gmt":"2025-06-11T14:29:26","guid":{"rendered":"https:\/\/www.divique.com\/impressum"},"modified":"2025-07-17T09:28:00","modified_gmt":"2025-07-17T09:28:00","slug":"impressum","status":"publish","type":"page","link":"https:\/\/www.divique.com\/fr\/impressum","title":{"rendered":"Impressum"},"content":{"rendered":"\n<p>Responsable du contenu de ce site conform\u00e9ment au \u00a7 5 TMG:<\/p>\n\n\n\n<p><em>DIVIQUE s.r.o.<br>\u0160tef\u00e1nikova 8<br>058 01 Poprad<br>Slovak Republic<\/em><\/p>\n\n\n\n<p>VAT: GB429258278<\/p>\n\n\n\n<p>Adresse e-mail: info(at)divique.com<br>Website: www.divique.com<\/p>\n\n\n\n<p>Clause de non-responsabilit\u00e9 : Malgr\u00e9 un contr\u00f4le attentif du contenu, nous d\u00e9clinons toute responsabilit\u00e9 pour le contenu des liens externes. Les exploitants des pages li\u00e9es sont seuls responsables de leur contenu.<\/p>\n","protected":false},"excerpt":{"rendered":"<p>Responsable du contenu de ce site conform\u00e9ment au \u00a7 5 TMG: DIVIQUE s.r.o.\u0160tef\u00e1nikova 8058 01 PopradSlovak Republic VAT: GB429258278 Adresse e-mail: info(at)divique.comWebsite: www.divique.com Clause de non-responsabilit\u00e9 : Malgr\u00e9 un contr\u00f4le attentif du contenu, nous d\u00e9clinons toute responsabilit\u00e9 pour le contenu des liens externes. Les exploitants...<\/p>\n","protected":false},"author":1,"featured_media":0,"parent":0,"menu_order":0,"comment_status":"closed","ping_status":"closed","template":"","meta":{"_acf_changed":false,"footnotes":""},"class_list":["post-3115","page","type-page","status-publish","hentry"],"acf":[],"yoast_head":"<!-- This site is optimized with the Yoast SEO plugin v27.5 - https:\/\/yoast.com\/product\/yoast-seo-wordpress\/ -->\n<title>Impressum - Divique.com<\/title>\n<meta name=\"robots\" content=\"noindex, follow\" \/>\n<meta property=\"og:locale\" content=\"fr_FR\" \/>\n<meta property=\"og:type\" content=\"article\" \/>\n<meta property=\"og:title\" content=\"Impressum - Divique.com\" \/>\n<meta property=\"og:description\" content=\"Responsable du contenu de ce site conform\u00e9ment au \u00a7 5 TMG: DIVIQUE s.r.o.\u0160tef\u00e1nikova 8058 01 PopradSlovak Republic VAT: GB429258278 Adresse e-mail: info(at)divique.comWebsite: www.divique.com Clause de non-responsabilit\u00e9 : Malgr\u00e9 un contr\u00f4le attentif du contenu, nous d\u00e9clinons toute responsabilit\u00e9 pour le contenu des liens externes. Les exploitants...\" \/>\n<meta property=\"og:url\" content=\"https:\/\/www.divique.com\/fr\/impressum\" \/>\n<meta property=\"og:site_name\" content=\"Divique.com\" \/>\n<meta property=\"article:modified_time\" content=\"2025-07-17T09:28:00+00:00\" \/>\n<meta name=\"twitter:card\" content=\"summary_large_image\" \/>\n<meta name=\"twitter:label1\" content=\"Dur\u00e9e de lecture estim\u00e9e\" \/>\n\t<meta name=\"twitter:data1\" content=\"1 minute\" \/>\n<script type=\"application\/ld+json\" class=\"yoast-schema-graph\">{\"@context\":\"https:\\\/\\\/schema.org\",\"@graph\":[{\"@type\":\"WebPage\",\"@id\":\"https:\\\/\\\/www.divique.com\\\/fr\\\/impressum\",\"url\":\"https:\\\/\\\/www.divique.com\\\/fr\\\/impressum\",\"name\":\"Impressum - Divique.com\",\"isPartOf\":{\"@id\":\"https:\\\/\\\/www.divique.com\\\/fr#website\"},\"datePublished\":\"2025-06-11T14:29:26+00:00\",\"dateModified\":\"2025-07-17T09:28:00+00:00\",\"breadcrumb\":{\"@id\":\"https:\\\/\\\/www.divique.com\\\/fr\\\/impressum#breadcrumb\"},\"inLanguage\":\"fr-FR\",\"potentialAction\":[{\"@type\":\"ReadAction\",\"target\":[\"https:\\\/\\\/www.divique.com\\\/fr\\\/impressum\"]}]},{\"@type\":\"BreadcrumbList\",\"@id\":\"https:\\\/\\\/www.divique.com\\\/fr\\\/impressum#breadcrumb\",\"itemListElement\":[{\"@type\":\"ListItem\",\"position\":1,\"name\":\"Home\",\"item\":\"https:\\\/\\\/www.divique.com\\\/fr\\\/home\"},{\"@type\":\"ListItem\",\"position\":2,\"name\":\"Impressum\"}]},{\"@type\":\"WebSite\",\"@id\":\"https:\\\/\\\/www.divique.com\\\/fr#website\",\"url\":\"https:\\\/\\\/www.divique.com\\\/fr\",\"name\":\"Divique.com\",\"description\":\"Be Divique. Kolagenov\u00e1 \u0159ada pro sebev\u011bdom\u00e9 \u017eeny. Kolagen a kyselina hyaluronov\u00e1 ve form\u011b, kter\u00e1 V\u00e1m bude vyhovovat.\",\"publisher\":{\"@id\":\"https:\\\/\\\/www.divique.com\\\/fr#organization\"},\"potentialAction\":[{\"@type\":\"SearchAction\",\"target\":{\"@type\":\"EntryPoint\",\"urlTemplate\":\"https:\\\/\\\/www.divique.com\\\/fr?s={search_term_string}\"},\"query-input\":{\"@type\":\"PropertyValueSpecification\",\"valueRequired\":true,\"valueName\":\"search_term_string\"}}],\"inLanguage\":\"fr-FR\"},{\"@type\":\"Organization\",\"@id\":\"https:\\\/\\\/www.divique.com\\\/fr#organization\",\"name\":\"DIVIQUE s.r.o.\",\"url\":\"https:\\\/\\\/www.divique.com\\\/fr\",\"logo\":{\"@type\":\"ImageObject\",\"inLanguage\":\"fr-FR\",\"@id\":\"https:\\\/\\\/www.divique.com\\\/fr#\\\/schema\\\/logo\\\/image\\\/\",\"url\":\"https:\\\/\\\/www.divique.com\\\/wp-content\\\/uploads\\\/2022\\\/04\\\/divique-logo.png\",\"contentUrl\":\"https:\\\/\\\/www.divique.com\\\/wp-content\\\/uploads\\\/2022\\\/04\\\/divique-logo.png\",\"width\":196,\"height\":64,\"caption\":\"DIVIQUE s.r.o.\"},\"image\":{\"@id\":\"https:\\\/\\\/www.divique.com\\\/fr#\\\/schema\\\/logo\\\/image\\\/\"}}]}<\/script>\n<!-- \/ Yoast SEO plugin. -->","yoast_head_json":{"title":"Impressum - Divique.com","robots":{"index":"noindex","follow":"follow"},"og_locale":"fr_FR","og_type":"article","og_title":"Impressum - Divique.com","og_description":"Responsable du contenu de ce site conform\u00e9ment au \u00a7 5 TMG: DIVIQUE s.r.o.\u0160tef\u00e1nikova 8058 01 PopradSlovak Republic VAT: GB429258278 Adresse e-mail: info(at)divique.comWebsite: www.divique.com Clause de non-responsabilit\u00e9 : Malgr\u00e9 un contr\u00f4le attentif du contenu, nous d\u00e9clinons toute responsabilit\u00e9 pour le contenu des liens externes. Les exploitants...","og_url":"https:\/\/www.divique.com\/fr\/impressum","og_site_name":"Divique.com","article_modified_time":"2025-07-17T09:28:00+00:00","twitter_card":"summary_large_image","twitter_misc":{"Dur\u00e9e de lecture estim\u00e9e":"1 minute"},"schema":{"@context":"https:\/\/schema.org","@graph":[{"@type":"WebPage","@id":"https:\/\/www.divique.com\/fr\/impressum","url":"https:\/\/www.divique.com\/fr\/impressum","name":"Impressum - Divique.com","isPartOf":{"@id":"https:\/\/www.divique.com\/fr#website"},"datePublished":"2025-06-11T14:29:26+00:00","dateModified":"2025-07-17T09:28:00+00:00","breadcrumb":{"@id":"https:\/\/www.divique.com\/fr\/impressum#breadcrumb"},"inLanguage":"fr-FR","potentialAction":[{"@type":"ReadAction","target":["https:\/\/www.divique.com\/fr\/impressum"]}]},{"@type":"BreadcrumbList","@id":"https:\/\/www.divique.com\/fr\/impressum#breadcrumb","itemListElement":[{"@type":"ListItem","position":1,"name":"Home","item":"https:\/\/www.divique.com\/fr\/home"},{"@type":"ListItem","position":2,"name":"Impressum"}]},{"@type":"WebSite","@id":"https:\/\/www.divique.com\/fr#website","url":"https:\/\/www.divique.com\/fr","name":"Divique.com","description":"Be Divique. Kolagenov\u00e1 \u0159ada pro sebev\u011bdom\u00e9 \u017eeny. Kolagen a kyselina hyaluronov\u00e1 ve form\u011b, kter\u00e1 V\u00e1m bude vyhovovat.","publisher":{"@id":"https:\/\/www.divique.com\/fr#organization"},"potentialAction":[{"@type":"SearchAction","target":{"@type":"EntryPoint","urlTemplate":"https:\/\/www.divique.com\/fr?s={search_term_string}"},"query-input":{"@type":"PropertyValueSpecification","valueRequired":true,"valueName":"search_term_string"}}],"inLanguage":"fr-FR"},{"@type":"Organization","@id":"https:\/\/www.divique.com\/fr#organization","name":"DIVIQUE s.r.o.","url":"https:\/\/www.divique.com\/fr","logo":{"@type":"ImageObject","inLanguage":"fr-FR","@id":"https:\/\/www.divique.com\/fr#\/schema\/logo\/image\/","url":"https:\/\/www.divique.com\/wp-content\/uploads\/2022\/04\/divique-logo.png","contentUrl":"https:\/\/www.divique.com\/wp-content\/uploads\/2022\/04\/divique-logo.png","width":196,"height":64,"caption":"DIVIQUE s.r.o."},"image":{"@id":"https:\/\/www.divique.com\/fr#\/schema\/logo\/image\/"}}]}},"_links":{"self":[{"href":"https:\/\/www.divique.com\/fr\/wp-json\/wp\/v2\/pages\/3115","targetHints":{"allow":["GET"]}}],"collection":[{"href":"https:\/\/www.divique.com\/fr\/wp-json\/wp\/v2\/pages"}],"about":[{"href":"https:\/\/www.divique.com\/fr\/wp-json\/wp\/v2\/types\/page"}],"author":[{"embeddable":true,"href":"https:\/\/www.divique.com\/fr\/wp-json\/wp\/v2\/users\/1"}],"replies":[{"embeddable":true,"href":"https:\/\/www.divique.com\/fr\/wp-json\/wp\/v2\/comments?post=3115"}],"version-history":[{"count":2,"href":"https:\/\/www.divique.com\/fr\/wp-json\/wp\/v2\/pages\/3115\/revisions"}],"predecessor-version":[{"id":3118,"href":"https:\/\/www.divique.com\/fr\/wp-json\/wp\/v2\/pages\/3115\/revisions\/3118"}],"wp:attachment":[{"href":"https:\/\/www.divique.com\/fr\/wp-json\/wp\/v2\/media?parent=3115"}],"curies":[{"name":"wp","href":"https:\/\/api.w.org\/{rel}","templated":true}]}}