{"id":3122,"date":"2025-06-11T14:29:26","date_gmt":"2025-06-11T14:29:26","guid":{"rendered":"https:\/\/www.divique.com\/impressum"},"modified":"2025-07-17T10:01:33","modified_gmt":"2025-07-17T10:01:33","slug":"impressum","status":"publish","type":"page","link":"https:\/\/www.divique.com\/es\/impressum","title":{"rendered":"Impressum"},"content":{"rendered":"\n<p>Responsable del contenido de este sitio web conforme al \u00a7 5 TMG:<\/p>\n\n\n\n<p><em>DIVIQUE s.r.o.<br>\u0160tef\u00e1nikova 8<br>058 01 Poprad<br>Slovak Republic<\/em><\/p>\n\n\n\n<p>VAT: GB429258278<\/p>\n\n\n\n<p>E-Mail adress: info(at)divique.com<br>Website: www.divique.com<\/p>\n\n\n\n<p>Aviso legal: A pesar de un cuidadoso control del contenido, no asumimos ninguna responsabilidad por el contenido de los enlaces externos. Los operadores de las p\u00e1ginas enlazadas son los \u00fanicos responsables de su contenido.<\/p>\n","protected":false},"excerpt":{"rendered":"<p>Responsable del contenido de este sitio web conforme al \u00a7 5 TMG: DIVIQUE s.r.o.\u0160tef\u00e1nikova 8058 01 PopradSlovak Republic VAT: GB429258278 E-Mail adress: info(at)divique.comWebsite: www.divique.com Aviso legal: A pesar de un cuidadoso control del contenido, no asumimos ninguna responsabilidad por el contenido de los enlaces externos....<\/p>\n","protected":false},"author":1,"featured_media":0,"parent":0,"menu_order":0,"comment_status":"closed","ping_status":"closed","template":"","meta":{"_acf_changed":false,"footnotes":""},"class_list":["post-3122","page","type-page","status-publish","hentry"],"acf":[],"yoast_head":"<!-- This site is optimized with the Yoast SEO plugin v27.5 - https:\/\/yoast.com\/product\/yoast-seo-wordpress\/ -->\n<title>Impressum - Divique.com<\/title>\n<meta name=\"robots\" content=\"noindex, follow\" \/>\n<meta property=\"og:locale\" content=\"es_ES\" \/>\n<meta property=\"og:type\" content=\"article\" \/>\n<meta property=\"og:title\" content=\"Impressum - Divique.com\" \/>\n<meta property=\"og:description\" content=\"Responsable del contenido de este sitio web conforme al \u00a7 5 TMG: DIVIQUE s.r.o.\u0160tef\u00e1nikova 8058 01 PopradSlovak Republic VAT: GB429258278 E-Mail adress: info(at)divique.comWebsite: www.divique.com Aviso legal: A pesar de un cuidadoso control del contenido, no asumimos ninguna responsabilidad por el contenido de los enlaces externos....\" \/>\n<meta property=\"og:url\" content=\"https:\/\/www.divique.com\/es\/impressum\" \/>\n<meta property=\"og:site_name\" content=\"Divique.com\" \/>\n<meta property=\"article:modified_time\" content=\"2025-07-17T10:01:33+00:00\" \/>\n<meta name=\"twitter:card\" content=\"summary_large_image\" \/>\n<meta name=\"twitter:label1\" content=\"Tiempo de lectura\" \/>\n\t<meta name=\"twitter:data1\" content=\"1 minuto\" \/>\n<script type=\"application\/ld+json\" class=\"yoast-schema-graph\">{\"@context\":\"https:\\\/\\\/schema.org\",\"@graph\":[{\"@type\":\"WebPage\",\"@id\":\"https:\\\/\\\/www.divique.com\\\/es\\\/impressum\",\"url\":\"https:\\\/\\\/www.divique.com\\\/es\\\/impressum\",\"name\":\"Impressum - Divique.com\",\"isPartOf\":{\"@id\":\"https:\\\/\\\/www.divique.com\\\/es#website\"},\"datePublished\":\"2025-06-11T14:29:26+00:00\",\"dateModified\":\"2025-07-17T10:01:33+00:00\",\"breadcrumb\":{\"@id\":\"https:\\\/\\\/www.divique.com\\\/es\\\/impressum#breadcrumb\"},\"inLanguage\":\"es\",\"potentialAction\":[{\"@type\":\"ReadAction\",\"target\":[\"https:\\\/\\\/www.divique.com\\\/es\\\/impressum\"]}]},{\"@type\":\"BreadcrumbList\",\"@id\":\"https:\\\/\\\/www.divique.com\\\/es\\\/impressum#breadcrumb\",\"itemListElement\":[{\"@type\":\"ListItem\",\"position\":1,\"name\":\"Home\",\"item\":\"https:\\\/\\\/www.divique.com\\\/es\\\/home\"},{\"@type\":\"ListItem\",\"position\":2,\"name\":\"Impressum\"}]},{\"@type\":\"WebSite\",\"@id\":\"https:\\\/\\\/www.divique.com\\\/es#website\",\"url\":\"https:\\\/\\\/www.divique.com\\\/es\",\"name\":\"Divique.com\",\"description\":\"Be Divique. Kolagenov\u00e1 \u0159ada pro sebev\u011bdom\u00e9 \u017eeny. Kolagen a kyselina hyaluronov\u00e1 ve form\u011b, kter\u00e1 V\u00e1m bude vyhovovat.\",\"publisher\":{\"@id\":\"https:\\\/\\\/www.divique.com\\\/es#organization\"},\"potentialAction\":[{\"@type\":\"SearchAction\",\"target\":{\"@type\":\"EntryPoint\",\"urlTemplate\":\"https:\\\/\\\/www.divique.com\\\/es?s={search_term_string}\"},\"query-input\":{\"@type\":\"PropertyValueSpecification\",\"valueRequired\":true,\"valueName\":\"search_term_string\"}}],\"inLanguage\":\"es\"},{\"@type\":\"Organization\",\"@id\":\"https:\\\/\\\/www.divique.com\\\/es#organization\",\"name\":\"DIVIQUE s.r.o.\",\"url\":\"https:\\\/\\\/www.divique.com\\\/es\",\"logo\":{\"@type\":\"ImageObject\",\"inLanguage\":\"es\",\"@id\":\"https:\\\/\\\/www.divique.com\\\/es#\\\/schema\\\/logo\\\/image\\\/\",\"url\":\"https:\\\/\\\/www.divique.com\\\/wp-content\\\/uploads\\\/2022\\\/04\\\/divique-logo.png\",\"contentUrl\":\"https:\\\/\\\/www.divique.com\\\/wp-content\\\/uploads\\\/2022\\\/04\\\/divique-logo.png\",\"width\":196,\"height\":64,\"caption\":\"DIVIQUE s.r.o.\"},\"image\":{\"@id\":\"https:\\\/\\\/www.divique.com\\\/es#\\\/schema\\\/logo\\\/image\\\/\"}}]}<\/script>\n<!-- \/ Yoast SEO plugin. -->","yoast_head_json":{"title":"Impressum - Divique.com","robots":{"index":"noindex","follow":"follow"},"og_locale":"es_ES","og_type":"article","og_title":"Impressum - Divique.com","og_description":"Responsable del contenido de este sitio web conforme al \u00a7 5 TMG: DIVIQUE s.r.o.\u0160tef\u00e1nikova 8058 01 PopradSlovak Republic VAT: GB429258278 E-Mail adress: info(at)divique.comWebsite: www.divique.com Aviso legal: A pesar de un cuidadoso control del contenido, no asumimos ninguna responsabilidad por el contenido de los enlaces externos....","og_url":"https:\/\/www.divique.com\/es\/impressum","og_site_name":"Divique.com","article_modified_time":"2025-07-17T10:01:33+00:00","twitter_card":"summary_large_image","twitter_misc":{"Tiempo de lectura":"1 minuto"},"schema":{"@context":"https:\/\/schema.org","@graph":[{"@type":"WebPage","@id":"https:\/\/www.divique.com\/es\/impressum","url":"https:\/\/www.divique.com\/es\/impressum","name":"Impressum - Divique.com","isPartOf":{"@id":"https:\/\/www.divique.com\/es#website"},"datePublished":"2025-06-11T14:29:26+00:00","dateModified":"2025-07-17T10:01:33+00:00","breadcrumb":{"@id":"https:\/\/www.divique.com\/es\/impressum#breadcrumb"},"inLanguage":"es","potentialAction":[{"@type":"ReadAction","target":["https:\/\/www.divique.com\/es\/impressum"]}]},{"@type":"BreadcrumbList","@id":"https:\/\/www.divique.com\/es\/impressum#breadcrumb","itemListElement":[{"@type":"ListItem","position":1,"name":"Home","item":"https:\/\/www.divique.com\/es\/home"},{"@type":"ListItem","position":2,"name":"Impressum"}]},{"@type":"WebSite","@id":"https:\/\/www.divique.com\/es#website","url":"https:\/\/www.divique.com\/es","name":"Divique.com","description":"Be Divique. Kolagenov\u00e1 \u0159ada pro sebev\u011bdom\u00e9 \u017eeny. Kolagen a kyselina hyaluronov\u00e1 ve form\u011b, kter\u00e1 V\u00e1m bude vyhovovat.","publisher":{"@id":"https:\/\/www.divique.com\/es#organization"},"potentialAction":[{"@type":"SearchAction","target":{"@type":"EntryPoint","urlTemplate":"https:\/\/www.divique.com\/es?s={search_term_string}"},"query-input":{"@type":"PropertyValueSpecification","valueRequired":true,"valueName":"search_term_string"}}],"inLanguage":"es"},{"@type":"Organization","@id":"https:\/\/www.divique.com\/es#organization","name":"DIVIQUE s.r.o.","url":"https:\/\/www.divique.com\/es","logo":{"@type":"ImageObject","inLanguage":"es","@id":"https:\/\/www.divique.com\/es#\/schema\/logo\/image\/","url":"https:\/\/www.divique.com\/wp-content\/uploads\/2022\/04\/divique-logo.png","contentUrl":"https:\/\/www.divique.com\/wp-content\/uploads\/2022\/04\/divique-logo.png","width":196,"height":64,"caption":"DIVIQUE s.r.o."},"image":{"@id":"https:\/\/www.divique.com\/es#\/schema\/logo\/image\/"}}]}},"_links":{"self":[{"href":"https:\/\/www.divique.com\/es\/wp-json\/wp\/v2\/pages\/3122","targetHints":{"allow":["GET"]}}],"collection":[{"href":"https:\/\/www.divique.com\/es\/wp-json\/wp\/v2\/pages"}],"about":[{"href":"https:\/\/www.divique.com\/es\/wp-json\/wp\/v2\/types\/page"}],"author":[{"embeddable":true,"href":"https:\/\/www.divique.com\/es\/wp-json\/wp\/v2\/users\/1"}],"replies":[{"embeddable":true,"href":"https:\/\/www.divique.com\/es\/wp-json\/wp\/v2\/comments?post=3122"}],"version-history":[{"count":1,"href":"https:\/\/www.divique.com\/es\/wp-json\/wp\/v2\/pages\/3122\/revisions"}],"predecessor-version":[{"id":3123,"href":"https:\/\/www.divique.com\/es\/wp-json\/wp\/v2\/pages\/3122\/revisions\/3123"}],"wp:attachment":[{"href":"https:\/\/www.divique.com\/es\/wp-json\/wp\/v2\/media?parent=3122"}],"curies":[{"name":"wp","href":"https:\/\/api.w.org\/{rel}","templated":true}]}}