{"id":1919,"date":"2022-08-23T11:29:26","date_gmt":"2022-08-23T11:29:26","guid":{"rendered":"https:\/\/www.divique.com\/o-nas"},"modified":"2025-06-11T15:05:09","modified_gmt":"2025-06-11T15:05:09","slug":"ueber-uns","status":"publish","type":"page","link":"https:\/\/www.divique.com\/de\/ueber-uns","title":{"rendered":"\u00dcber uns"},"content":{"rendered":"","protected":false},"excerpt":{"rendered":"","protected":false},"author":1,"featured_media":0,"parent":0,"menu_order":0,"comment_status":"closed","ping_status":"closed","template":"","meta":{"_acf_changed":false,"footnotes":""},"class_list":["post-1919","page","type-page","status-publish","hentry"],"acf":[],"yoast_head":"<!-- This site is optimized with the Yoast SEO plugin v27.5 - https:\/\/yoast.com\/product\/yoast-seo-wordpress\/ -->\n<title>\u00dcber uns - Divique.com<\/title>\n<meta name=\"robots\" content=\"index, follow, max-snippet:-1, max-image-preview:large, max-video-preview:-1\" \/>\n<link rel=\"canonical\" href=\"https:\/\/www.divique.com\/de\/ueber-uns\" \/>\n<meta property=\"og:locale\" content=\"de_DE\" \/>\n<meta property=\"og:type\" content=\"article\" \/>\n<meta property=\"og:title\" content=\"\u00dcber uns - Divique.com\" \/>\n<meta property=\"og:url\" content=\"https:\/\/www.divique.com\/de\/ueber-uns\" \/>\n<meta property=\"og:site_name\" content=\"Divique.com\" \/>\n<meta property=\"article:modified_time\" content=\"2025-06-11T15:05:09+00:00\" \/>\n<meta name=\"twitter:card\" content=\"summary_large_image\" \/>\n<meta name=\"twitter:label1\" content=\"Gesch\u00e4tzte Lesezeit\" \/>\n\t<meta name=\"twitter:data1\" content=\"4\u00a0Minuten\" \/>\n<script type=\"application\/ld+json\" class=\"yoast-schema-graph\">{\"@context\":\"https:\\\/\\\/schema.org\",\"@graph\":[{\"@type\":\"WebPage\",\"@id\":\"https:\\\/\\\/www.divique.com\\\/de\\\/ueber-uns\",\"url\":\"https:\\\/\\\/www.divique.com\\\/de\\\/ueber-uns\",\"name\":\"\u00dcber uns - Divique.com\",\"isPartOf\":{\"@id\":\"https:\\\/\\\/www.divique.com\\\/de#website\"},\"datePublished\":\"2022-08-23T11:29:26+00:00\",\"dateModified\":\"2025-06-11T15:05:09+00:00\",\"breadcrumb\":{\"@id\":\"https:\\\/\\\/www.divique.com\\\/de\\\/ueber-uns#breadcrumb\"},\"inLanguage\":\"de\",\"potentialAction\":[{\"@type\":\"ReadAction\",\"target\":[\"https:\\\/\\\/www.divique.com\\\/de\\\/ueber-uns\"]}]},{\"@type\":\"BreadcrumbList\",\"@id\":\"https:\\\/\\\/www.divique.com\\\/de\\\/ueber-uns#breadcrumb\",\"itemListElement\":[{\"@type\":\"ListItem\",\"position\":1,\"name\":\"Home\",\"item\":\"https:\\\/\\\/www.divique.com\\\/de\"},{\"@type\":\"ListItem\",\"position\":2,\"name\":\"\u00dcber uns\"}]},{\"@type\":\"WebSite\",\"@id\":\"https:\\\/\\\/www.divique.com\\\/de#website\",\"url\":\"https:\\\/\\\/www.divique.com\\\/de\",\"name\":\"Divique.com\",\"description\":\"Be Divique. Kolagenov\u00e1 \u0159ada pro sebev\u011bdom\u00e9 \u017eeny. Kolagen a kyselina hyaluronov\u00e1 ve form\u011b, kter\u00e1 V\u00e1m bude vyhovovat.\",\"publisher\":{\"@id\":\"https:\\\/\\\/www.divique.com\\\/de#organization\"},\"potentialAction\":[{\"@type\":\"SearchAction\",\"target\":{\"@type\":\"EntryPoint\",\"urlTemplate\":\"https:\\\/\\\/www.divique.com\\\/de?s={search_term_string}\"},\"query-input\":{\"@type\":\"PropertyValueSpecification\",\"valueRequired\":true,\"valueName\":\"search_term_string\"}}],\"inLanguage\":\"de\"},{\"@type\":\"Organization\",\"@id\":\"https:\\\/\\\/www.divique.com\\\/de#organization\",\"name\":\"DIVIQUE s.r.o.\",\"url\":\"https:\\\/\\\/www.divique.com\\\/de\",\"logo\":{\"@type\":\"ImageObject\",\"inLanguage\":\"de\",\"@id\":\"https:\\\/\\\/www.divique.com\\\/de#\\\/schema\\\/logo\\\/image\\\/\",\"url\":\"https:\\\/\\\/www.divique.com\\\/wp-content\\\/uploads\\\/2022\\\/04\\\/divique-logo.png\",\"contentUrl\":\"https:\\\/\\\/www.divique.com\\\/wp-content\\\/uploads\\\/2022\\\/04\\\/divique-logo.png\",\"width\":196,\"height\":64,\"caption\":\"DIVIQUE s.r.o.\"},\"image\":{\"@id\":\"https:\\\/\\\/www.divique.com\\\/de#\\\/schema\\\/logo\\\/image\\\/\"}}]}<\/script>\n<!-- \/ Yoast SEO plugin. -->","yoast_head_json":{"title":"\u00dcber uns - Divique.com","robots":{"index":"index","follow":"follow","max-snippet":"max-snippet:-1","max-image-preview":"max-image-preview:large","max-video-preview":"max-video-preview:-1"},"canonical":"https:\/\/www.divique.com\/de\/ueber-uns","og_locale":"de_DE","og_type":"article","og_title":"\u00dcber uns - Divique.com","og_url":"https:\/\/www.divique.com\/de\/ueber-uns","og_site_name":"Divique.com","article_modified_time":"2025-06-11T15:05:09+00:00","twitter_card":"summary_large_image","twitter_misc":{"Gesch\u00e4tzte Lesezeit":"4\u00a0Minuten"},"schema":{"@context":"https:\/\/schema.org","@graph":[{"@type":"WebPage","@id":"https:\/\/www.divique.com\/de\/ueber-uns","url":"https:\/\/www.divique.com\/de\/ueber-uns","name":"\u00dcber uns - Divique.com","isPartOf":{"@id":"https:\/\/www.divique.com\/de#website"},"datePublished":"2022-08-23T11:29:26+00:00","dateModified":"2025-06-11T15:05:09+00:00","breadcrumb":{"@id":"https:\/\/www.divique.com\/de\/ueber-uns#breadcrumb"},"inLanguage":"de","potentialAction":[{"@type":"ReadAction","target":["https:\/\/www.divique.com\/de\/ueber-uns"]}]},{"@type":"BreadcrumbList","@id":"https:\/\/www.divique.com\/de\/ueber-uns#breadcrumb","itemListElement":[{"@type":"ListItem","position":1,"name":"Home","item":"https:\/\/www.divique.com\/de"},{"@type":"ListItem","position":2,"name":"\u00dcber uns"}]},{"@type":"WebSite","@id":"https:\/\/www.divique.com\/de#website","url":"https:\/\/www.divique.com\/de","name":"Divique.com","description":"Be Divique. Kolagenov\u00e1 \u0159ada pro sebev\u011bdom\u00e9 \u017eeny. Kolagen a kyselina hyaluronov\u00e1 ve form\u011b, kter\u00e1 V\u00e1m bude vyhovovat.","publisher":{"@id":"https:\/\/www.divique.com\/de#organization"},"potentialAction":[{"@type":"SearchAction","target":{"@type":"EntryPoint","urlTemplate":"https:\/\/www.divique.com\/de?s={search_term_string}"},"query-input":{"@type":"PropertyValueSpecification","valueRequired":true,"valueName":"search_term_string"}}],"inLanguage":"de"},{"@type":"Organization","@id":"https:\/\/www.divique.com\/de#organization","name":"DIVIQUE s.r.o.","url":"https:\/\/www.divique.com\/de","logo":{"@type":"ImageObject","inLanguage":"de","@id":"https:\/\/www.divique.com\/de#\/schema\/logo\/image\/","url":"https:\/\/www.divique.com\/wp-content\/uploads\/2022\/04\/divique-logo.png","contentUrl":"https:\/\/www.divique.com\/wp-content\/uploads\/2022\/04\/divique-logo.png","width":196,"height":64,"caption":"DIVIQUE s.r.o."},"image":{"@id":"https:\/\/www.divique.com\/de#\/schema\/logo\/image\/"}}]}},"_links":{"self":[{"href":"https:\/\/www.divique.com\/de\/wp-json\/wp\/v2\/pages\/1919","targetHints":{"allow":["GET"]}}],"collection":[{"href":"https:\/\/www.divique.com\/de\/wp-json\/wp\/v2\/pages"}],"about":[{"href":"https:\/\/www.divique.com\/de\/wp-json\/wp\/v2\/types\/page"}],"author":[{"embeddable":true,"href":"https:\/\/www.divique.com\/de\/wp-json\/wp\/v2\/users\/1"}],"replies":[{"embeddable":true,"href":"https:\/\/www.divique.com\/de\/wp-json\/wp\/v2\/comments?post=1919"}],"version-history":[{"count":2,"href":"https:\/\/www.divique.com\/de\/wp-json\/wp\/v2\/pages\/1919\/revisions"}],"predecessor-version":[{"id":2015,"href":"https:\/\/www.divique.com\/de\/wp-json\/wp\/v2\/pages\/1919\/revisions\/2015"}],"wp:attachment":[{"href":"https:\/\/www.divique.com\/de\/wp-json\/wp\/v2\/media?parent=1919"}],"curies":[{"name":"wp","href":"https:\/\/api.w.org\/{rel}","templated":true}]}}