{"id":436,"date":"2022-06-13T20:40:16","date_gmt":"2022-06-13T20:40:16","guid":{"rendered":"https:\/\/www.divique.com\/produkt\/divique-collagen-hyaluron-capsules"},"modified":"2024-06-01T10:36:09","modified_gmt":"2024-06-01T10:36:09","slug":"divique-collagen-hyaluron","status":"publish","type":"product","link":"https:\/\/www.divique.com\/cs\/produkt\/divique-collagen-hyaluron","title":{"rendered":"Divique Collagen Hyaluron kapsle (270 ks)"},"content":{"rendered":"<h2>Komplexn\u00ed v\u00fd\u017eiva pro tvou kr\u00e1su<\/h2>\n<p>Divique kolagenov\u00e9 kapsle s hyaluronem obsahuj\u00ed vysoce kvalitn\u00ed kolagen 5 nejd\u016fle\u017eit\u011bj\u0161\u00edch typ\u016f - kolagen typu I, II, III, IV, X - ty jsou pot\u0159ebn\u00e9 na r\u016fzn\u00fdch m\u00edstech t\u011bla - nap\u0159. v k\u016f\u017ei, vlasech, nehtech a kostech a tak\u00e9 v kloubech, kostech a chrupavk\u00e1ch.<\/p>\n<p>D\u00edky sv\u00e9mu vyhlazuj\u00edc\u00edmu a hydrata\u010dn\u00edmu \u00fa\u010dinku je kyselina hyaluronov\u00e1 ide\u00e1ln\u00edm dopl\u0148kem kolagenu. Tyto dv\u011b hlavn\u00ed \u010d\u00e1sti produktu funguj\u00ed synergicky. Divique Collagen Hyaluron obsahuje kyselinu hyaluronovou nejvy\u0161\u0161\u00ed \u010distoty pro optim\u00e1ln\u00ed v\u00fdsledky.<\/p>\n<p>D\u00e1le jsme tento produkt doplnili o dal\u0161\u00ed d\u016fle\u017eit\u00e9 ingredience, kter\u00e9 nechaj\u00ed zaz\u00e1\u0159it tvoji p\u0159irozenou kr\u00e1su. Krom\u011b kolagenu a hyaluron\u00e1tu obsahuje produkt tak\u00e9 selen, zinek, vitam\u00edn C z kamu kamu, vitam\u00edn B komplex a extrakt z \u010dern\u00e9ho pep\u0159e. V\u0161echny slo\u017eky se navz\u00e1jem synergicky podporuj\u00ed.<\/p>\n<p>Divique Collagen Hyaluron neobsahuje \u017e\u00e1dn\u00e9 ne\u017e\u00e1douc\u00ed p\u0159\u00edsady. N\u00e1\u0161 produkt krom\u011b zm\u00edn\u011bn\u00fdch \u00fa\u010dinn\u00fdch l\u00e1tek obsahuje pouze r\u00fd\u017eov\u00fd extrakt jako nosi\u010d a obal kapsle vyroben\u00fd z \u017eelatiny. Na \u010distotu na\u0161ich produkt\u016f se m\u016f\u017ee\u0161 kdykoliv spolehnout.<\/p>\n<p>V\u0161echny produkty a \u0161ar\u017ee nech\u00e1v\u00e1me nav\u00edc testovat na \u00fa\u010dinost a \u010distotu nez\u00e1vislou biochemickou laborato\u0159\u00ed v N\u011bmecku.<\/p>\n<h2>D\u00e1vkov\u00e1n\u00ed produktu<\/h2>\n<p>3 kapsle denn\u011b (1 d\u00e1vka) zap\u00edt dostate\u010dn\u00fdm mno\u017estv\u00edm vody. Balen\u00ed celkem obsahuje 270 kapsl\u00ed a vydr\u017e\u00ed 3 m\u011bs\u00edce p\u0159i denn\u00edm u\u017e\u00edv\u00e1n\u00ed.<\/p>\n","protected":false},"excerpt":{"rendered":"<p>Komplexn\u00ed dopln\u011bk stravy pro kr\u00e1su s kolagenem, kyselinou hyaluronovou, selenem, zinkem, vitam\u00ednem C, komplexem vitam\u00ednu B a v\u00fdta\u017ekem z c\u030cern\u00e9ho pepr\u030ce.<\/p>\n<ul>\n<li>1500 mg bioaktivn\u00edho kolagenu v denn\u00ed d\u00e1vce (3 kapsle). Celkem 90 d\u00e1vek.<\/li>\n<li>Obsahuje 4 zdroje kolagenu a 5 typ\u016f kolagenov\u00fdch peptid\u016f.<\/li>\n<li>100 mg \u010dist\u00e9ho hyaluron\u00e1tu pro p\u0159irozenou elasticitu a pevnost pojivov\u00fdch tk\u00e1n\u00ed.<\/li>\n<li>Dopln\u011bno o komplex vitam\u00edn\u016f B (B2, B3, B7), vitam\u00edn C rostlinn\u00e9ho p\u016fvodu (extrakt z kamu-kamu), selen a zinek pro vytvo\u0159en\u00ed synergick\u00e9ho efektu mezi jednotliv\u00fdmi vitam\u00edny.<\/li>\n<li>\u010cern\u00fd pep\u0159 zaji\u0161\u0165uje vy\u0161\u0161\u00ed vst\u0159ebatelnost cel\u00e9ho dopl\u0148ku stravy.<\/li>\n<li>Bez stear\u00e1tu ho\u0159e\u010dnat\u00e9ho, pojiv, barviv, cukru a sladidel.<\/li>\n<\/ul>\n","protected":false},"featured_media":1391,"template":"","meta":{"_acf_changed":false},"product_brand":[],"product_cat":[33],"product_tag":[],"class_list":{"0":"post-436","1":"product","2":"type-product","3":"status-publish","4":"has-post-thumbnail","6":"product_cat-nezarazene","8":"first","9":"instock","10":"featured","11":"taxable","12":"shipping-taxable","13":"purchasable","14":"product-type-simple"},"acf":[],"yoast_head":"<!-- This site is optimized with the Yoast SEO plugin v27.4 - https:\/\/yoast.com\/product\/yoast-seo-wordpress\/ -->\n<title>Kolagenov\u00e9 kapsle Divique - kolagen a kyselina hyaluronov\u00e1<\/title>\n<meta name=\"description\" content=\"Kolagenov\u00e9 kapsle Divique jsou optim\u00e1ln\u011b d\u00e1vkovan\u00e9 s unik\u00e1tn\u00edm slo\u017een\u00edm - 5 typ\u016f kolagenu, kyselina hyaluronov\u00e1, selen, zinek, vitam\u00edn C a vitam\u00edny \u0159ady B.\" \/>\n<meta name=\"robots\" content=\"index, follow, max-snippet:-1, max-image-preview:large, max-video-preview:-1\" \/>\n<link rel=\"canonical\" href=\"https:\/\/www.divique.com\/cs\/produkt\/divique-collagen-hyaluron\" \/>\n<meta property=\"og:locale\" content=\"cs_CZ\" \/>\n<meta property=\"og:type\" content=\"article\" \/>\n<meta property=\"og:title\" content=\"Kolagenov\u00e9 kapsle Divique - kolagen a kyselina hyaluronov\u00e1\" \/>\n<meta property=\"og:description\" content=\"Kolagenov\u00e9 kapsle Divique jsou optim\u00e1ln\u011b d\u00e1vkovan\u00e9 s unik\u00e1tn\u00edm slo\u017een\u00edm - 5 typ\u016f kolagenu, kyselina hyaluronov\u00e1, selen, zinek, vitam\u00edn C a vitam\u00edny \u0159ady B.\" \/>\n<meta property=\"og:url\" content=\"https:\/\/www.divique.com\/cs\/produkt\/divique-collagen-hyaluron\" \/>\n<meta property=\"og:site_name\" content=\"Be Divique - podpo\u0159 svou kr\u00e1su zevnit\u0159\" \/>\n<meta property=\"article:modified_time\" content=\"2024-06-01T10:36:09+00:00\" \/>\n<meta property=\"og:image\" content=\"https:\/\/www.divique.com\/wp-content\/uploads\/divique-multicollagen-capsules.png\" \/>\n\t<meta property=\"og:image:width\" content=\"1500\" \/>\n\t<meta property=\"og:image:height\" content=\"1500\" \/>\n\t<meta property=\"og:image:type\" content=\"image\/png\" \/>\n<meta name=\"twitter:card\" content=\"summary_large_image\" \/>\n<meta name=\"twitter:label1\" content=\"Odhadovan\u00e1 doba \u010dten\u00ed\" \/>\n\t<meta name=\"twitter:data1\" content=\"2 minuty\" \/>\n<script type=\"application\/ld+json\" class=\"yoast-schema-graph\">{\"@context\":\"https:\\\/\\\/schema.org\",\"@graph\":[{\"@type\":\"WebPage\",\"@id\":\"https:\\\/\\\/www.divique.com\\\/cs\\\/produkt\\\/divique-collagen-hyaluron\",\"url\":\"https:\\\/\\\/www.divique.com\\\/cs\\\/produkt\\\/divique-collagen-hyaluron\",\"name\":\"Kolagenov\u00e9 kapsle Divique - kolagen a kyselina hyaluronov\u00e1\",\"isPartOf\":{\"@id\":\"https:\\\/\\\/www.divique.com\\\/cs\\\/#website\"},\"primaryImageOfPage\":{\"@id\":\"https:\\\/\\\/www.divique.com\\\/cs\\\/produkt\\\/divique-collagen-hyaluron#primaryimage\"},\"image\":{\"@id\":\"https:\\\/\\\/www.divique.com\\\/cs\\\/produkt\\\/divique-collagen-hyaluron#primaryimage\"},\"thumbnailUrl\":\"https:\\\/\\\/www.divique.com\\\/wp-content\\\/uploads\\\/divique-multicollagen-capsules.png\",\"datePublished\":\"2022-06-13T20:40:16+00:00\",\"dateModified\":\"2024-06-01T10:36:09+00:00\",\"description\":\"Kolagenov\u00e9 kapsle Divique jsou optim\u00e1ln\u011b d\u00e1vkovan\u00e9 s unik\u00e1tn\u00edm slo\u017een\u00edm - 5 typ\u016f kolagenu, kyselina hyaluronov\u00e1, selen, zinek, vitam\u00edn C a vitam\u00edny \u0159ady B.\",\"breadcrumb\":{\"@id\":\"https:\\\/\\\/www.divique.com\\\/cs\\\/produkt\\\/divique-collagen-hyaluron#breadcrumb\"},\"inLanguage\":\"cs\",\"potentialAction\":[{\"@type\":\"ReadAction\",\"target\":[\"https:\\\/\\\/www.divique.com\\\/cs\\\/produkt\\\/divique-collagen-hyaluron\"]}]},{\"@type\":\"ImageObject\",\"inLanguage\":\"cs\",\"@id\":\"https:\\\/\\\/www.divique.com\\\/cs\\\/produkt\\\/divique-collagen-hyaluron#primaryimage\",\"url\":\"https:\\\/\\\/www.divique.com\\\/wp-content\\\/uploads\\\/divique-multicollagen-capsules.png\",\"contentUrl\":\"https:\\\/\\\/www.divique.com\\\/wp-content\\\/uploads\\\/divique-multicollagen-capsules.png\",\"width\":1500,\"height\":1500},{\"@type\":\"BreadcrumbList\",\"@id\":\"https:\\\/\\\/www.divique.com\\\/cs\\\/produkt\\\/divique-collagen-hyaluron#breadcrumb\",\"itemListElement\":[{\"@type\":\"ListItem\",\"position\":1,\"name\":\"Home\",\"item\":\"https:\\\/\\\/www.divique.com\\\/cs\"},{\"@type\":\"ListItem\",\"position\":2,\"name\":\"Shop\",\"item\":\"https:\\\/\\\/www.divique.com\\\/cs\\\/shop\"},{\"@type\":\"ListItem\",\"position\":3,\"name\":\"Divique Collagen Hyaluron kapsle (270 ks)\"}]},{\"@type\":\"WebSite\",\"@id\":\"https:\\\/\\\/www.divique.com\\\/cs\\\/#website\",\"url\":\"https:\\\/\\\/www.divique.com\\\/cs\\\/\",\"name\":\"Be Divique - podpo\u0159 svou kr\u00e1su zevnit\u0159\",\"description\":\"Be Divique. Kolagenov\u00e1 \u0159ada pro sebev\u011bdom\u00e9 \u017eeny. Kolagen a kyselina hyaluronov\u00e1 ve form\u011b, kter\u00e1 V\u00e1m bude vyhovovat.\",\"publisher\":{\"@id\":\"https:\\\/\\\/www.divique.com\\\/cs\\\/#organization\"},\"potentialAction\":[{\"@type\":\"SearchAction\",\"target\":{\"@type\":\"EntryPoint\",\"urlTemplate\":\"https:\\\/\\\/www.divique.com\\\/cs\\\/?s={search_term_string}\"},\"query-input\":{\"@type\":\"PropertyValueSpecification\",\"valueRequired\":true,\"valueName\":\"search_term_string\"}}],\"inLanguage\":\"cs\"},{\"@type\":\"Organization\",\"@id\":\"https:\\\/\\\/www.divique.com\\\/cs\\\/#organization\",\"name\":\"DIVIQUE s.r.o.\",\"url\":\"https:\\\/\\\/www.divique.com\\\/cs\\\/\",\"logo\":{\"@type\":\"ImageObject\",\"inLanguage\":\"cs\",\"@id\":\"https:\\\/\\\/www.divique.com\\\/cs\\\/#\\\/schema\\\/logo\\\/image\\\/\",\"url\":\"https:\\\/\\\/www.divique.com\\\/wp-content\\\/uploads\\\/2022\\\/04\\\/divique-logo.png\",\"contentUrl\":\"https:\\\/\\\/www.divique.com\\\/wp-content\\\/uploads\\\/2022\\\/04\\\/divique-logo.png\",\"width\":196,\"height\":64,\"caption\":\"DIVIQUE s.r.o.\"},\"image\":{\"@id\":\"https:\\\/\\\/www.divique.com\\\/cs\\\/#\\\/schema\\\/logo\\\/image\\\/\"}}]}<\/script>\n<!-- \/ Yoast SEO plugin. -->","yoast_head_json":{"title":"Kolagenov\u00e9 kapsle Divique - kolagen a kyselina hyaluronov\u00e1","description":"Kolagenov\u00e9 kapsle Divique jsou optim\u00e1ln\u011b d\u00e1vkovan\u00e9 s unik\u00e1tn\u00edm slo\u017een\u00edm - 5 typ\u016f kolagenu, kyselina hyaluronov\u00e1, selen, zinek, vitam\u00edn C a vitam\u00edny \u0159ady B.","robots":{"index":"index","follow":"follow","max-snippet":"max-snippet:-1","max-image-preview":"max-image-preview:large","max-video-preview":"max-video-preview:-1"},"canonical":"https:\/\/www.divique.com\/cs\/produkt\/divique-collagen-hyaluron","og_locale":"cs_CZ","og_type":"article","og_title":"Kolagenov\u00e9 kapsle Divique - kolagen a kyselina hyaluronov\u00e1","og_description":"Kolagenov\u00e9 kapsle Divique jsou optim\u00e1ln\u011b d\u00e1vkovan\u00e9 s unik\u00e1tn\u00edm slo\u017een\u00edm - 5 typ\u016f kolagenu, kyselina hyaluronov\u00e1, selen, zinek, vitam\u00edn C a vitam\u00edny \u0159ady B.","og_url":"https:\/\/www.divique.com\/cs\/produkt\/divique-collagen-hyaluron","og_site_name":"Be Divique - podpo\u0159 svou kr\u00e1su zevnit\u0159","article_modified_time":"2024-06-01T10:36:09+00:00","og_image":[{"width":1500,"height":1500,"url":"https:\/\/www.divique.com\/wp-content\/uploads\/divique-multicollagen-capsules.png","type":"image\/png"}],"twitter_card":"summary_large_image","twitter_misc":{"Odhadovan\u00e1 doba \u010dten\u00ed":"2 minuty"},"schema":{"@context":"https:\/\/schema.org","@graph":[{"@type":"WebPage","@id":"https:\/\/www.divique.com\/cs\/produkt\/divique-collagen-hyaluron","url":"https:\/\/www.divique.com\/cs\/produkt\/divique-collagen-hyaluron","name":"Kolagenov\u00e9 kapsle Divique - kolagen a kyselina hyaluronov\u00e1","isPartOf":{"@id":"https:\/\/www.divique.com\/cs\/#website"},"primaryImageOfPage":{"@id":"https:\/\/www.divique.com\/cs\/produkt\/divique-collagen-hyaluron#primaryimage"},"image":{"@id":"https:\/\/www.divique.com\/cs\/produkt\/divique-collagen-hyaluron#primaryimage"},"thumbnailUrl":"https:\/\/www.divique.com\/wp-content\/uploads\/divique-multicollagen-capsules.png","datePublished":"2022-06-13T20:40:16+00:00","dateModified":"2024-06-01T10:36:09+00:00","description":"Kolagenov\u00e9 kapsle Divique jsou optim\u00e1ln\u011b d\u00e1vkovan\u00e9 s unik\u00e1tn\u00edm slo\u017een\u00edm - 5 typ\u016f kolagenu, kyselina hyaluronov\u00e1, selen, zinek, vitam\u00edn C a vitam\u00edny \u0159ady B.","breadcrumb":{"@id":"https:\/\/www.divique.com\/cs\/produkt\/divique-collagen-hyaluron#breadcrumb"},"inLanguage":"cs","potentialAction":[{"@type":"ReadAction","target":["https:\/\/www.divique.com\/cs\/produkt\/divique-collagen-hyaluron"]}]},{"@type":"ImageObject","inLanguage":"cs","@id":"https:\/\/www.divique.com\/cs\/produkt\/divique-collagen-hyaluron#primaryimage","url":"https:\/\/www.divique.com\/wp-content\/uploads\/divique-multicollagen-capsules.png","contentUrl":"https:\/\/www.divique.com\/wp-content\/uploads\/divique-multicollagen-capsules.png","width":1500,"height":1500},{"@type":"BreadcrumbList","@id":"https:\/\/www.divique.com\/cs\/produkt\/divique-collagen-hyaluron#breadcrumb","itemListElement":[{"@type":"ListItem","position":1,"name":"Home","item":"https:\/\/www.divique.com\/cs"},{"@type":"ListItem","position":2,"name":"Shop","item":"https:\/\/www.divique.com\/cs\/shop"},{"@type":"ListItem","position":3,"name":"Divique Collagen Hyaluron kapsle (270 ks)"}]},{"@type":"WebSite","@id":"https:\/\/www.divique.com\/cs\/#website","url":"https:\/\/www.divique.com\/cs\/","name":"Be Divique - podpo\u0159 svou kr\u00e1su zevnit\u0159","description":"Be Divique. Kolagenov\u00e1 \u0159ada pro sebev\u011bdom\u00e9 \u017eeny. Kolagen a kyselina hyaluronov\u00e1 ve form\u011b, kter\u00e1 V\u00e1m bude vyhovovat.","publisher":{"@id":"https:\/\/www.divique.com\/cs\/#organization"},"potentialAction":[{"@type":"SearchAction","target":{"@type":"EntryPoint","urlTemplate":"https:\/\/www.divique.com\/cs\/?s={search_term_string}"},"query-input":{"@type":"PropertyValueSpecification","valueRequired":true,"valueName":"search_term_string"}}],"inLanguage":"cs"},{"@type":"Organization","@id":"https:\/\/www.divique.com\/cs\/#organization","name":"DIVIQUE s.r.o.","url":"https:\/\/www.divique.com\/cs\/","logo":{"@type":"ImageObject","inLanguage":"cs","@id":"https:\/\/www.divique.com\/cs\/#\/schema\/logo\/image\/","url":"https:\/\/www.divique.com\/wp-content\/uploads\/2022\/04\/divique-logo.png","contentUrl":"https:\/\/www.divique.com\/wp-content\/uploads\/2022\/04\/divique-logo.png","width":196,"height":64,"caption":"DIVIQUE s.r.o."},"image":{"@id":"https:\/\/www.divique.com\/cs\/#\/schema\/logo\/image\/"}}]}},"_links":{"self":[{"href":"https:\/\/www.divique.com\/cs\/wp-json\/wp\/v2\/product\/436","targetHints":{"allow":["GET"]}}],"collection":[{"href":"https:\/\/www.divique.com\/cs\/wp-json\/wp\/v2\/product"}],"about":[{"href":"https:\/\/www.divique.com\/cs\/wp-json\/wp\/v2\/types\/product"}],"wp:featuredmedia":[{"embeddable":true,"href":"https:\/\/www.divique.com\/cs\/wp-json\/wp\/v2\/media\/1391"}],"wp:attachment":[{"href":"https:\/\/www.divique.com\/cs\/wp-json\/wp\/v2\/media?parent=436"}],"wp:term":[{"taxonomy":"product_brand","embeddable":true,"href":"https:\/\/www.divique.com\/cs\/wp-json\/wp\/v2\/product_brand?post=436"},{"taxonomy":"product_cat","embeddable":true,"href":"https:\/\/www.divique.com\/cs\/wp-json\/wp\/v2\/product_cat?post=436"},{"taxonomy":"product_tag","embeddable":true,"href":"https:\/\/www.divique.com\/cs\/wp-json\/wp\/v2\/product_tag?post=436"}],"curies":[{"name":"wp","href":"https:\/\/api.w.org\/{rel}","templated":true}]}}