{"id":207,"date":"2022-04-14T12:00:05","date_gmt":"2022-04-14T12:00:05","guid":{"rendered":"https:\/\/www.divique.com\/?post_type=product&#038;p=207"},"modified":"2024-10-15T10:38:24","modified_gmt":"2024-10-15T10:38:24","slug":"divique-multi-collagen","status":"publish","type":"product","link":"https:\/\/www.divique.com\/cs\/produkt\/divique-multi-collagen","title":{"rendered":"Divique Multi Collagen pr\u00e1\u0161ek (300 g)"},"content":{"rendered":"<h2 class=\"text--uppercase\">Nej\u00adkoncentrovan\u011bj\u0161\u00ed denn\u00ed d\u00e1vka kolagenu na \u010desk\u00e9m a slovensk\u00e9m trhu<\/h2>\n<p>S 10 000 mg kolagenu v denn\u00ed d\u00e1vce pat\u0159\u00ed Multi Colagen Divique k nejsiln\u011bj\u0161\u00edm kolagen\u016fm na trhu.<\/p>\n<p>Narozd\u00edl od jin\u00fdch produkt\u016f, kter\u00e9 jsou slo\u017eeny z jednoho zdroje kolagenu (hov\u011bz\u00ed nebo ryb\u00ed), obsahuje Multi Collagen Divique hned 4 zdroje kolagen\u016f - hov\u011bz\u00ed PEPTAN B, hov\u011bz\u00ed PEPTAN II, ryb\u00ed PEPTAN F a vaje\u010dn\u00fd OVOMET.<\/p>\n<p>Produkt Divique Multi Collagen tak\u00e9 obsahuje 5 kolagenov\u00fdch peptid\u016f typu I, II, III, V a X. V\u011bt\u0161ina produkt\u016f na trhu obsahuje pouze 3 peptity typu I, II, III.<\/p>\n<p>Ve slo\u017een\u00ed produktu najdeme tak\u00e9 19 aminokyselin, kter\u00e9 podporuj\u00ed nejen mladistv\u00fd a z\u00e1r\u030civ\u00fd vzhled poko\u017eky cel\u00e9ho te\u030cla, ale i jeho ve\u030ct\u0161\u00ed vitalitu.<\/p>\n<p>Divique Multi Collagen je velmi atraktivn\u00ed produkt s unik\u00e1tn\u00edm slo\u017een\u00edm, kter\u00e9 zaji\u0161t\u030cuje komplexn\u00ed \u00fac\u030cinek na poko\u017eku, vlasy, nehty, org\u00e1ny, kosti, svaly a cel\u00fd lidsk\u00fd organismus.<\/p>\n<p>Produkt byl vytvor\u030cen tak, aby plne\u030c vyhovoval potr\u030ceb\u00e1m \u017eensk\u00e9ho te\u030cla.<\/p>\n<h2 class=\"text--uppercase\">D\u00e1vkov\u00e1n\u00ed a konzumace<\/h2>\n<p>Dal\u0161\u00ed z v\u00fdhod Divique je v\u0161estrannost jeho konzumace a dokonal\u00e1 rozpustnost, kter\u00e1 ve sv\u00e9m v\u00fdsledku nezanech\u00e1v\u00e1 \u017e\u00e1dn\u00e9 hrudky.<\/p>\n<p>Jednu odm\u011brku (10 000 mg) denn\u011b rozpust\u00edte ve sklenici vody a vypijete.<\/p>\n<p>Vzhledem k pr\u030c\u00edjemn\u00e9 chuti se produkt nemus\u00ed m\u00edchat pouze s vodou, ale chutn\u00e1 skve\u030cle i po pr\u030cid\u00e1n\u00ed do smoothie, k\u00e1vy, m\u00fcsli, d\u017eusu nebo dokonce i v pol\u00e9vce.<\/p>\n<p>Cel\u00e9 balen\u00ed (300 g) obsahuje 30 denn\u00edch d\u00e1vek kolagenu.<\/p>\n<h2 class=\"text--uppercase\">Nejlep\u0161\u00ed kolagen na ple\u0165 a vlasy?<\/h2>\n<p>Divique Multi Collagen obsahuje krom\u011b jin\u00fdch i kolagen typu 1, kter\u00fd se vyzna\u010duje pozitivn\u00edm vlivem na ple\u0165, vlasy, nehty. Kolagen typu 1 je zastoupen p\u0159edev\u0161\u00edm v ryb\u00edm kolagenu, kter\u00fd je tak\u00e9 sou\u010d\u00e1st\u00ed Divique.<\/p>\n<h2 class=\"text--uppercase\">P\u016fvod kolagenu Divique<\/h2>\n<p>Kolagenov\u00e9 slo\u017eky z\u00edsk\u00e1v\u00e1me od pec\u030clive\u030c vybran\u00fdch chovatelu a zpracovatelu ze zem\u00ed EU a ji\u017en\u00ed Ameriky. Kolagen poch\u00e1z\u00ed ze zv\u00edr\u030cat z voln\u00fdch chovu. Koncov\u00e1 finalizace produktu prob\u00edh\u00e1 v certifikovan\u00e9m z\u00e1vode\u030c na Slovensku.<\/p>\n","protected":false},"excerpt":{"rendered":"<p>Vysoce koncentrovan\u00fd dopln\u011bk stravy slo\u017een\u00fd ze 4 zdroj\u016f kolagenu a 5 typ\u016f kolagenov\u00fdch peptid\u016f. Kolagen na ple\u0165, vlasy, nehty, org\u00e1ny, kosti a svaly.<\/p>\n<ul>\n<li>10 000 mg bioaktivn\u00edho kolagenu v denn\u00ed d\u00e1vce. Celkem 30 denn\u00edch d\u00e1vek.<\/li>\n<li>Obsahuje pro te\u030clo ty nejd\u016fle\u017eite\u030cj\u0161\u00ed kolagenov\u00e9 peptidy typu I, II, III, V a X.<\/li>\n<li>Slo\u017een\u00fd ze 4 zdroj\u016f kolagenu: hov\u011bz\u00ed PEPTAN B, PEPTAN II, ryb\u00ed PEPTAN F, vaje\u010dn\u00fd OVOMET.<\/li>\n<li>Obsahuje 19 esenci\u00e1ln\u00edch aminokyselin.<\/li>\n<li>Kolagenov\u00fd pr\u00e1\u0161ek je zcela bez chut\u011b a bez z\u00e1pachu.<\/li>\n<li>Vynik\u00e1 skv\u011blou rozpustnost\u00ed (netvo\u0159\u00ed hrudky) ve vod\u011b, k\u00e1v\u011b nebo d\u017eusu.<\/li>\n<\/ul>\n","protected":false},"featured_media":1395,"template":"","meta":{"_acf_changed":false},"product_brand":[],"product_cat":[33],"product_tag":[],"class_list":{"0":"post-207","1":"product","2":"type-product","3":"status-publish","4":"has-post-thumbnail","6":"product_cat-nezarazene","8":"first","9":"instock","10":"featured","11":"taxable","12":"shipping-taxable","13":"purchasable","14":"product-type-simple"},"acf":[],"yoast_head":"<!-- This site is optimized with the Yoast SEO plugin v27.4 - https:\/\/yoast.com\/product\/yoast-seo-wordpress\/ -->\n<title>Divique Multi Collagen 300g - nejlep\u0161\u00ed kolagen na ple\u0165 a vlasy?<\/title>\n<meta name=\"description\" content=\"Hled\u00e1\u0161 nejlep\u0161\u00ed kolagen na ple\u0165 a vlasy? Vyzkou\u0161ej Divique Multi Collagen - nejvy\u0161\u0161\u00ed d\u00e1vka kolagenov\u00fdch peptid\u016f na trhu, 5 typ\u016f kolagenu, \u00fasporn\u00e9 balen\u00ed.\" \/>\n<meta name=\"robots\" content=\"index, follow, max-snippet:-1, max-image-preview:large, max-video-preview:-1\" \/>\n<link rel=\"canonical\" href=\"https:\/\/www.divique.com\/cs\/produkt\/divique-multi-collagen\" \/>\n<meta property=\"og:locale\" content=\"cs_CZ\" \/>\n<meta property=\"og:type\" content=\"article\" \/>\n<meta property=\"og:title\" content=\"Divique Multi Collagen 300g - nejlep\u0161\u00ed kolagen na ple\u0165 a vlasy?\" \/>\n<meta property=\"og:description\" content=\"Hled\u00e1\u0161 nejlep\u0161\u00ed kolagen na ple\u0165 a vlasy? Vyzkou\u0161ej Divique Multi Collagen - nejvy\u0161\u0161\u00ed d\u00e1vka kolagenov\u00fdch peptid\u016f na trhu, 5 typ\u016f kolagenu, \u00fasporn\u00e9 balen\u00ed.\" \/>\n<meta property=\"og:url\" content=\"https:\/\/www.divique.com\/cs\/produkt\/divique-multi-collagen\" \/>\n<meta property=\"og:site_name\" content=\"Be Divique - podpo\u0159 svou kr\u00e1su zevnit\u0159\" \/>\n<meta property=\"article:modified_time\" content=\"2024-10-15T10:38:24+00:00\" \/>\n<meta property=\"og:image\" content=\"https:\/\/www.divique.com\/wp-content\/uploads\/divique-multicollagen-powder.png\" \/>\n\t<meta property=\"og:image:width\" content=\"1500\" \/>\n\t<meta property=\"og:image:height\" content=\"1500\" \/>\n\t<meta property=\"og:image:type\" content=\"image\/png\" \/>\n<meta name=\"twitter:card\" content=\"summary_large_image\" \/>\n<meta name=\"twitter:label1\" content=\"Odhadovan\u00e1 doba \u010dten\u00ed\" \/>\n\t<meta name=\"twitter:data1\" content=\"2 minuty\" \/>\n<script type=\"application\/ld+json\" class=\"yoast-schema-graph\">{\"@context\":\"https:\\\/\\\/schema.org\",\"@graph\":[{\"@type\":\"WebPage\",\"@id\":\"https:\\\/\\\/www.divique.com\\\/cs\\\/produkt\\\/divique-multi-collagen\",\"url\":\"https:\\\/\\\/www.divique.com\\\/cs\\\/produkt\\\/divique-multi-collagen\",\"name\":\"Divique Multi Collagen 300g - nejlep\u0161\u00ed kolagen na ple\u0165 a vlasy?\",\"isPartOf\":{\"@id\":\"https:\\\/\\\/www.divique.com\\\/cs\\\/#website\"},\"primaryImageOfPage\":{\"@id\":\"https:\\\/\\\/www.divique.com\\\/cs\\\/produkt\\\/divique-multi-collagen#primaryimage\"},\"image\":{\"@id\":\"https:\\\/\\\/www.divique.com\\\/cs\\\/produkt\\\/divique-multi-collagen#primaryimage\"},\"thumbnailUrl\":\"https:\\\/\\\/www.divique.com\\\/wp-content\\\/uploads\\\/divique-multicollagen-powder.png\",\"datePublished\":\"2022-04-14T12:00:05+00:00\",\"dateModified\":\"2024-10-15T10:38:24+00:00\",\"description\":\"Hled\u00e1\u0161 nejlep\u0161\u00ed kolagen na ple\u0165 a vlasy? Vyzkou\u0161ej Divique Multi Collagen - nejvy\u0161\u0161\u00ed d\u00e1vka kolagenov\u00fdch peptid\u016f na trhu, 5 typ\u016f kolagenu, \u00fasporn\u00e9 balen\u00ed.\",\"breadcrumb\":{\"@id\":\"https:\\\/\\\/www.divique.com\\\/cs\\\/produkt\\\/divique-multi-collagen#breadcrumb\"},\"inLanguage\":\"cs\",\"potentialAction\":[{\"@type\":\"ReadAction\",\"target\":[\"https:\\\/\\\/www.divique.com\\\/cs\\\/produkt\\\/divique-multi-collagen\"]}]},{\"@type\":\"ImageObject\",\"inLanguage\":\"cs\",\"@id\":\"https:\\\/\\\/www.divique.com\\\/cs\\\/produkt\\\/divique-multi-collagen#primaryimage\",\"url\":\"https:\\\/\\\/www.divique.com\\\/wp-content\\\/uploads\\\/divique-multicollagen-powder.png\",\"contentUrl\":\"https:\\\/\\\/www.divique.com\\\/wp-content\\\/uploads\\\/divique-multicollagen-powder.png\",\"width\":1500,\"height\":1500},{\"@type\":\"BreadcrumbList\",\"@id\":\"https:\\\/\\\/www.divique.com\\\/cs\\\/produkt\\\/divique-multi-collagen#breadcrumb\",\"itemListElement\":[{\"@type\":\"ListItem\",\"position\":1,\"name\":\"Home\",\"item\":\"https:\\\/\\\/www.divique.com\\\/cs\"},{\"@type\":\"ListItem\",\"position\":2,\"name\":\"Shop\",\"item\":\"https:\\\/\\\/www.divique.com\\\/cs\\\/shop\"},{\"@type\":\"ListItem\",\"position\":3,\"name\":\"Divique Multi Collagen pr\u00e1\u0161ek (300 g)\"}]},{\"@type\":\"WebSite\",\"@id\":\"https:\\\/\\\/www.divique.com\\\/cs\\\/#website\",\"url\":\"https:\\\/\\\/www.divique.com\\\/cs\\\/\",\"name\":\"Be Divique - podpo\u0159 svou kr\u00e1su zevnit\u0159\",\"description\":\"Be Divique. Kolagenov\u00e1 \u0159ada pro sebev\u011bdom\u00e9 \u017eeny. Kolagen a kyselina hyaluronov\u00e1 ve form\u011b, kter\u00e1 V\u00e1m bude vyhovovat.\",\"publisher\":{\"@id\":\"https:\\\/\\\/www.divique.com\\\/cs\\\/#organization\"},\"potentialAction\":[{\"@type\":\"SearchAction\",\"target\":{\"@type\":\"EntryPoint\",\"urlTemplate\":\"https:\\\/\\\/www.divique.com\\\/cs\\\/?s={search_term_string}\"},\"query-input\":{\"@type\":\"PropertyValueSpecification\",\"valueRequired\":true,\"valueName\":\"search_term_string\"}}],\"inLanguage\":\"cs\"},{\"@type\":\"Organization\",\"@id\":\"https:\\\/\\\/www.divique.com\\\/cs\\\/#organization\",\"name\":\"DIVIQUE s.r.o.\",\"url\":\"https:\\\/\\\/www.divique.com\\\/cs\\\/\",\"logo\":{\"@type\":\"ImageObject\",\"inLanguage\":\"cs\",\"@id\":\"https:\\\/\\\/www.divique.com\\\/cs\\\/#\\\/schema\\\/logo\\\/image\\\/\",\"url\":\"https:\\\/\\\/www.divique.com\\\/wp-content\\\/uploads\\\/2022\\\/04\\\/divique-logo.png\",\"contentUrl\":\"https:\\\/\\\/www.divique.com\\\/wp-content\\\/uploads\\\/2022\\\/04\\\/divique-logo.png\",\"width\":196,\"height\":64,\"caption\":\"DIVIQUE s.r.o.\"},\"image\":{\"@id\":\"https:\\\/\\\/www.divique.com\\\/cs\\\/#\\\/schema\\\/logo\\\/image\\\/\"}}]}<\/script>\n<!-- \/ Yoast SEO plugin. -->","yoast_head_json":{"title":"Divique Multi Collagen 300g - nejlep\u0161\u00ed kolagen na ple\u0165 a vlasy?","description":"Hled\u00e1\u0161 nejlep\u0161\u00ed kolagen na ple\u0165 a vlasy? Vyzkou\u0161ej Divique Multi Collagen - nejvy\u0161\u0161\u00ed d\u00e1vka kolagenov\u00fdch peptid\u016f na trhu, 5 typ\u016f kolagenu, \u00fasporn\u00e9 balen\u00ed.","robots":{"index":"index","follow":"follow","max-snippet":"max-snippet:-1","max-image-preview":"max-image-preview:large","max-video-preview":"max-video-preview:-1"},"canonical":"https:\/\/www.divique.com\/cs\/produkt\/divique-multi-collagen","og_locale":"cs_CZ","og_type":"article","og_title":"Divique Multi Collagen 300g - nejlep\u0161\u00ed kolagen na ple\u0165 a vlasy?","og_description":"Hled\u00e1\u0161 nejlep\u0161\u00ed kolagen na ple\u0165 a vlasy? Vyzkou\u0161ej Divique Multi Collagen - nejvy\u0161\u0161\u00ed d\u00e1vka kolagenov\u00fdch peptid\u016f na trhu, 5 typ\u016f kolagenu, \u00fasporn\u00e9 balen\u00ed.","og_url":"https:\/\/www.divique.com\/cs\/produkt\/divique-multi-collagen","og_site_name":"Be Divique - podpo\u0159 svou kr\u00e1su zevnit\u0159","article_modified_time":"2024-10-15T10:38:24+00:00","og_image":[{"width":1500,"height":1500,"url":"https:\/\/www.divique.com\/wp-content\/uploads\/divique-multicollagen-powder.png","type":"image\/png"}],"twitter_card":"summary_large_image","twitter_misc":{"Odhadovan\u00e1 doba \u010dten\u00ed":"2 minuty"},"schema":{"@context":"https:\/\/schema.org","@graph":[{"@type":"WebPage","@id":"https:\/\/www.divique.com\/cs\/produkt\/divique-multi-collagen","url":"https:\/\/www.divique.com\/cs\/produkt\/divique-multi-collagen","name":"Divique Multi Collagen 300g - nejlep\u0161\u00ed kolagen na ple\u0165 a vlasy?","isPartOf":{"@id":"https:\/\/www.divique.com\/cs\/#website"},"primaryImageOfPage":{"@id":"https:\/\/www.divique.com\/cs\/produkt\/divique-multi-collagen#primaryimage"},"image":{"@id":"https:\/\/www.divique.com\/cs\/produkt\/divique-multi-collagen#primaryimage"},"thumbnailUrl":"https:\/\/www.divique.com\/wp-content\/uploads\/divique-multicollagen-powder.png","datePublished":"2022-04-14T12:00:05+00:00","dateModified":"2024-10-15T10:38:24+00:00","description":"Hled\u00e1\u0161 nejlep\u0161\u00ed kolagen na ple\u0165 a vlasy? Vyzkou\u0161ej Divique Multi Collagen - nejvy\u0161\u0161\u00ed d\u00e1vka kolagenov\u00fdch peptid\u016f na trhu, 5 typ\u016f kolagenu, \u00fasporn\u00e9 balen\u00ed.","breadcrumb":{"@id":"https:\/\/www.divique.com\/cs\/produkt\/divique-multi-collagen#breadcrumb"},"inLanguage":"cs","potentialAction":[{"@type":"ReadAction","target":["https:\/\/www.divique.com\/cs\/produkt\/divique-multi-collagen"]}]},{"@type":"ImageObject","inLanguage":"cs","@id":"https:\/\/www.divique.com\/cs\/produkt\/divique-multi-collagen#primaryimage","url":"https:\/\/www.divique.com\/wp-content\/uploads\/divique-multicollagen-powder.png","contentUrl":"https:\/\/www.divique.com\/wp-content\/uploads\/divique-multicollagen-powder.png","width":1500,"height":1500},{"@type":"BreadcrumbList","@id":"https:\/\/www.divique.com\/cs\/produkt\/divique-multi-collagen#breadcrumb","itemListElement":[{"@type":"ListItem","position":1,"name":"Home","item":"https:\/\/www.divique.com\/cs"},{"@type":"ListItem","position":2,"name":"Shop","item":"https:\/\/www.divique.com\/cs\/shop"},{"@type":"ListItem","position":3,"name":"Divique Multi Collagen pr\u00e1\u0161ek (300 g)"}]},{"@type":"WebSite","@id":"https:\/\/www.divique.com\/cs\/#website","url":"https:\/\/www.divique.com\/cs\/","name":"Be Divique - podpo\u0159 svou kr\u00e1su zevnit\u0159","description":"Be Divique. Kolagenov\u00e1 \u0159ada pro sebev\u011bdom\u00e9 \u017eeny. Kolagen a kyselina hyaluronov\u00e1 ve form\u011b, kter\u00e1 V\u00e1m bude vyhovovat.","publisher":{"@id":"https:\/\/www.divique.com\/cs\/#organization"},"potentialAction":[{"@type":"SearchAction","target":{"@type":"EntryPoint","urlTemplate":"https:\/\/www.divique.com\/cs\/?s={search_term_string}"},"query-input":{"@type":"PropertyValueSpecification","valueRequired":true,"valueName":"search_term_string"}}],"inLanguage":"cs"},{"@type":"Organization","@id":"https:\/\/www.divique.com\/cs\/#organization","name":"DIVIQUE s.r.o.","url":"https:\/\/www.divique.com\/cs\/","logo":{"@type":"ImageObject","inLanguage":"cs","@id":"https:\/\/www.divique.com\/cs\/#\/schema\/logo\/image\/","url":"https:\/\/www.divique.com\/wp-content\/uploads\/2022\/04\/divique-logo.png","contentUrl":"https:\/\/www.divique.com\/wp-content\/uploads\/2022\/04\/divique-logo.png","width":196,"height":64,"caption":"DIVIQUE s.r.o."},"image":{"@id":"https:\/\/www.divique.com\/cs\/#\/schema\/logo\/image\/"}}]}},"_links":{"self":[{"href":"https:\/\/www.divique.com\/cs\/wp-json\/wp\/v2\/product\/207","targetHints":{"allow":["GET"]}}],"collection":[{"href":"https:\/\/www.divique.com\/cs\/wp-json\/wp\/v2\/product"}],"about":[{"href":"https:\/\/www.divique.com\/cs\/wp-json\/wp\/v2\/types\/product"}],"wp:featuredmedia":[{"embeddable":true,"href":"https:\/\/www.divique.com\/cs\/wp-json\/wp\/v2\/media\/1395"}],"wp:attachment":[{"href":"https:\/\/www.divique.com\/cs\/wp-json\/wp\/v2\/media?parent=207"}],"wp:term":[{"taxonomy":"product_brand","embeddable":true,"href":"https:\/\/www.divique.com\/cs\/wp-json\/wp\/v2\/product_brand?post=207"},{"taxonomy":"product_cat","embeddable":true,"href":"https:\/\/www.divique.com\/cs\/wp-json\/wp\/v2\/product_cat?post=207"},{"taxonomy":"product_tag","embeddable":true,"href":"https:\/\/www.divique.com\/cs\/wp-json\/wp\/v2\/product_tag?post=207"}],"curies":[{"name":"wp","href":"https:\/\/api.w.org\/{rel}","templated":true}]}}