{"id":1415,"date":"2023-10-13T14:53:30","date_gmt":"2023-10-13T14:53:30","guid":{"rendered":"https:\/\/www.divique.com\/?post_type=product&#038;p=1415"},"modified":"2024-09-27T12:24:30","modified_gmt":"2024-09-27T12:24:30","slug":"divique-collagen-hyaluron-shots","status":"publish","type":"product","link":"https:\/\/www.divique.com\/cs\/produkt\/divique-collagen-hyaluron-shots","title":{"rendered":"Divique Collagen Hyaluron Shots"},"content":{"rendered":"<p><strong>Vysoce koncentrovan\u00e9 slo\u017een\u00ed:<\/strong> Ka\u017ed\u00e1 ampule Divique obsahuje 4000 mg kolagenu a 100 mg kyseliny hyaluronov\u00e9 - vysoce koncentrovan\u00e1 a harmonick\u00e1 kombinace. Tato speci\u00e1ln\u011b vyvinut\u00e1 sm\u011bs byla vytvo\u0159ena tak, aby v\u00e1m poskytla optim\u00e1ln\u00ed dopln\u011bk pro va\u0161i ka\u017edodenn\u00ed kosmetickou rutinu.<\/p>\n<p><strong>Skv\u011bl\u00e1 jahodov\u00e1 p\u0159\u00edchu\u0165:<\/strong> Nechte se okouzlit plnou jahodovou p\u0159\u00edchut\u00ed pitn\u00fdch ampul\u00ed Divique Collagen. Jemn\u00e1 sladkost kv\u011btov\u00e9ho medu v kombinaci s n\u00e1dechem st\u00e9vie d\u011bl\u00e1 z ka\u017ed\u00e9 d\u00e1vky v\u00fdjime\u010dn\u00fd okam\u017eik pot\u011b\u0161en\u00ed, na kter\u00fd se budete t\u011b\u0161it ka\u017ed\u00fd den.<\/p>\n<p><strong>S vitam\u00edny a miner\u00e1ly:<\/strong> Krom\u011b kolagenu a kyseliny hyaluronov\u00e9 jsme p\u0159idali sm\u011bs vitaminu C, biotinu, zinku, m\u011bdi a selenu. Tyto pe\u010dliv\u011b vybran\u00e9 slo\u017eky dosahuj\u00ed synergick\u00e9ho \u00fa\u010dinku.<\/p>\n<p><strong>Snadn\u00e9 pou\u017eit\u00ed:<\/strong> V\u00edme, jak hektick\u00fd m\u016f\u017ee b\u00fdt modern\u00ed \u017eivot. Proto jsou na\u0161e pohodln\u00e9 a praktick\u00e9 ampule navr\u017eeny tak, aby bez n\u00e1mahy zapadly do ka\u017ed\u00e9 denn\u00ed rutiny. A\u0165 u\u017e jste na slu\u017eebn\u00ed cest\u011b, v kancel\u00e1\u0159i nebo cvi\u010d\u00edte - svou denn\u00ed d\u00e1vku m\u00e1te v\u017edy po ruce.<\/p>\n<p><strong>Kvalita, na kterou se m\u016f\u017eete spolehnout:<\/strong> V Divique nastavujeme standardy. Ka\u017ed\u00e1 z na\u0161ich kolagenov\u00fdch ampul\u00ed proch\u00e1z\u00ed p\u0159\u00edsnou kontrolou kvality, abychom v\u00e1m zajistili jen to nejlep\u0161\u00ed.<\/p>\n<p>&nbsp;<\/p>\n<h2>D\u00e1vkov\u00e1n\u00ed produktu<\/h2>\n<p>Dosp\u011bl\u00fdm se doporu\u010duje u\u017e\u00edvat 1 ne\u0159ed\u011bnou ampuli denn\u011b. P\u0159ed pou\u017eit\u00edm d\u016fkladn\u011b prot\u0159epat. Nep\u0159ekra\u010dujte doporu\u010denou denn\u00ed d\u00e1vku.<\/p>\n<p>&nbsp;<\/p>\n","protected":false},"excerpt":{"rendered":"<p>Divique kolagenov\u00e9 ampule s kyselinou hyaluronovou jsou skv\u011blou volbou, proto\u017ee obsahuj\u00ed vysoce koncentrovanou kombinaci 4 000 mg kolagenu a 100 mg kyseliny hyaluronov\u00e9 na ampuli, a jsou osv\u011b\u017euj\u00edc\u00edho jahodov\u00e9ho chu\u0165ov\u00e9ho z\u00e1\u017eitku d\u00edky slazen\u00ed medem z kv\u011bt\u016f a st\u00e9vi\u00ed.<\/p>\n<ul>\n<li>4000 mg kolagenov\u00e9ho hydrolyz\u00e1tu<\/li>\n<li>80 mg vitam\u00ednu C<\/li>\n<li>50 \u03bcg biotinu<\/li>\n<li>10 mg zinku<\/li>\n<li>0,15 mg m\u011bdi<\/li>\n<li>100 mg kyseliny hyaluronov\u00e9<\/li>\n<li>55 \u03bcg selenu<\/li>\n<\/ul>\n","protected":false},"featured_media":1403,"template":"","meta":{"_acf_changed":false},"product_brand":[],"product_cat":[33],"product_tag":[],"class_list":{"0":"post-1415","1":"product","2":"type-product","3":"status-publish","4":"has-post-thumbnail","6":"product_cat-nezarazene","8":"first","9":"instock","10":"taxable","11":"shipping-taxable","12":"purchasable","13":"product-type-simple"},"acf":[],"yoast_head":"<!-- This site is optimized with the Yoast SEO plugin v27.5 - https:\/\/yoast.com\/product\/yoast-seo-wordpress\/ -->\n<title>Divique Multi Collagen 500g - nejlep\u0161\u00ed kolagen na ple\u0165 a vlasy?<\/title>\n<meta name=\"description\" content=\"Hled\u00e1\u0161 nejlep\u0161\u00ed kolagen na ple\u0165 a vlasy? Vyzkou\u0161ej Divique Multi Collagen - nejvy\u0161\u0161\u00ed d\u00e1vka kolagenov\u00fdch peptid\u016f na trhu, 5 typ\u016f kolagenu, \u00fasporn\u00e9 balen\u00ed.\" \/>\n<meta name=\"robots\" content=\"index, follow, max-snippet:-1, max-image-preview:large, max-video-preview:-1\" \/>\n<link rel=\"canonical\" href=\"https:\/\/www.divique.com\/cs\/produkt\/divique-collagen-hyaluron-shots\" \/>\n<meta property=\"og:locale\" content=\"cs_CZ\" \/>\n<meta property=\"og:type\" content=\"article\" \/>\n<meta property=\"og:title\" content=\"Divique Multi Collagen 500g - nejlep\u0161\u00ed kolagen na ple\u0165 a vlasy?\" \/>\n<meta property=\"og:description\" content=\"Hled\u00e1\u0161 nejlep\u0161\u00ed kolagen na ple\u0165 a vlasy? Vyzkou\u0161ej Divique Multi Collagen - nejvy\u0161\u0161\u00ed d\u00e1vka kolagenov\u00fdch peptid\u016f na trhu, 5 typ\u016f kolagenu, \u00fasporn\u00e9 balen\u00ed.\" \/>\n<meta property=\"og:url\" content=\"https:\/\/www.divique.com\/cs\/produkt\/divique-collagen-hyaluron-shots\" \/>\n<meta property=\"og:site_name\" content=\"Be Divique - podpo\u0159 svou kr\u00e1su zevnit\u0159\" \/>\n<meta property=\"article:modified_time\" content=\"2024-09-27T12:24:30+00:00\" \/>\n<meta property=\"og:image\" content=\"https:\/\/www.divique.com\/wp-content\/uploads\/divique-collagenhyaluron-shots.png\" \/>\n\t<meta property=\"og:image:width\" content=\"1500\" \/>\n\t<meta property=\"og:image:height\" content=\"1500\" \/>\n\t<meta property=\"og:image:type\" content=\"image\/png\" \/>\n<meta name=\"twitter:card\" content=\"summary_large_image\" \/>\n<meta name=\"twitter:label1\" content=\"Odhadovan\u00e1 doba \u010dten\u00ed\" \/>\n\t<meta name=\"twitter:data1\" content=\"2 minuty\" \/>\n<script type=\"application\/ld+json\" class=\"yoast-schema-graph\">{\"@context\":\"https:\\\/\\\/schema.org\",\"@graph\":[{\"@type\":\"WebPage\",\"@id\":\"https:\\\/\\\/www.divique.com\\\/cs\\\/produkt\\\/divique-collagen-hyaluron-shots\",\"url\":\"https:\\\/\\\/www.divique.com\\\/cs\\\/produkt\\\/divique-collagen-hyaluron-shots\",\"name\":\"Divique Multi Collagen 500g - nejlep\u0161\u00ed kolagen na ple\u0165 a vlasy?\",\"isPartOf\":{\"@id\":\"https:\\\/\\\/www.divique.com\\\/cs\\\/#website\"},\"primaryImageOfPage\":{\"@id\":\"https:\\\/\\\/www.divique.com\\\/cs\\\/produkt\\\/divique-collagen-hyaluron-shots#primaryimage\"},\"image\":{\"@id\":\"https:\\\/\\\/www.divique.com\\\/cs\\\/produkt\\\/divique-collagen-hyaluron-shots#primaryimage\"},\"thumbnailUrl\":\"https:\\\/\\\/www.divique.com\\\/wp-content\\\/uploads\\\/divique-collagenhyaluron-shots.png\",\"datePublished\":\"2023-10-13T14:53:30+00:00\",\"dateModified\":\"2024-09-27T12:24:30+00:00\",\"description\":\"Hled\u00e1\u0161 nejlep\u0161\u00ed kolagen na ple\u0165 a vlasy? Vyzkou\u0161ej Divique Multi Collagen - nejvy\u0161\u0161\u00ed d\u00e1vka kolagenov\u00fdch peptid\u016f na trhu, 5 typ\u016f kolagenu, \u00fasporn\u00e9 balen\u00ed.\",\"breadcrumb\":{\"@id\":\"https:\\\/\\\/www.divique.com\\\/cs\\\/produkt\\\/divique-collagen-hyaluron-shots#breadcrumb\"},\"inLanguage\":\"cs\",\"potentialAction\":[{\"@type\":\"ReadAction\",\"target\":[\"https:\\\/\\\/www.divique.com\\\/cs\\\/produkt\\\/divique-collagen-hyaluron-shots\"]}]},{\"@type\":\"ImageObject\",\"inLanguage\":\"cs\",\"@id\":\"https:\\\/\\\/www.divique.com\\\/cs\\\/produkt\\\/divique-collagen-hyaluron-shots#primaryimage\",\"url\":\"https:\\\/\\\/www.divique.com\\\/wp-content\\\/uploads\\\/divique-collagenhyaluron-shots.png\",\"contentUrl\":\"https:\\\/\\\/www.divique.com\\\/wp-content\\\/uploads\\\/divique-collagenhyaluron-shots.png\",\"width\":1500,\"height\":1500},{\"@type\":\"BreadcrumbList\",\"@id\":\"https:\\\/\\\/www.divique.com\\\/cs\\\/produkt\\\/divique-collagen-hyaluron-shots#breadcrumb\",\"itemListElement\":[{\"@type\":\"ListItem\",\"position\":1,\"name\":\"Home\",\"item\":\"https:\\\/\\\/www.divique.com\\\/cs\"},{\"@type\":\"ListItem\",\"position\":2,\"name\":\"Shop\",\"item\":\"https:\\\/\\\/www.divique.com\\\/cs\\\/shop\"},{\"@type\":\"ListItem\",\"position\":3,\"name\":\"Divique Collagen Hyaluron Shots\"}]},{\"@type\":\"WebSite\",\"@id\":\"https:\\\/\\\/www.divique.com\\\/cs\\\/#website\",\"url\":\"https:\\\/\\\/www.divique.com\\\/cs\\\/\",\"name\":\"Be Divique - podpo\u0159 svou kr\u00e1su zevnit\u0159\",\"description\":\"Be Divique. Kolagenov\u00e1 \u0159ada pro sebev\u011bdom\u00e9 \u017eeny. Kolagen a kyselina hyaluronov\u00e1 ve form\u011b, kter\u00e1 V\u00e1m bude vyhovovat.\",\"publisher\":{\"@id\":\"https:\\\/\\\/www.divique.com\\\/cs\\\/#organization\"},\"potentialAction\":[{\"@type\":\"SearchAction\",\"target\":{\"@type\":\"EntryPoint\",\"urlTemplate\":\"https:\\\/\\\/www.divique.com\\\/cs\\\/?s={search_term_string}\"},\"query-input\":{\"@type\":\"PropertyValueSpecification\",\"valueRequired\":true,\"valueName\":\"search_term_string\"}}],\"inLanguage\":\"cs\"},{\"@type\":\"Organization\",\"@id\":\"https:\\\/\\\/www.divique.com\\\/cs\\\/#organization\",\"name\":\"DIVIQUE s.r.o.\",\"url\":\"https:\\\/\\\/www.divique.com\\\/cs\\\/\",\"logo\":{\"@type\":\"ImageObject\",\"inLanguage\":\"cs\",\"@id\":\"https:\\\/\\\/www.divique.com\\\/cs\\\/#\\\/schema\\\/logo\\\/image\\\/\",\"url\":\"https:\\\/\\\/www.divique.com\\\/wp-content\\\/uploads\\\/2022\\\/04\\\/divique-logo.png\",\"contentUrl\":\"https:\\\/\\\/www.divique.com\\\/wp-content\\\/uploads\\\/2022\\\/04\\\/divique-logo.png\",\"width\":196,\"height\":64,\"caption\":\"DIVIQUE s.r.o.\"},\"image\":{\"@id\":\"https:\\\/\\\/www.divique.com\\\/cs\\\/#\\\/schema\\\/logo\\\/image\\\/\"}}]}<\/script>\n<!-- \/ Yoast SEO plugin. -->","yoast_head_json":{"title":"Divique Multi Collagen 500g - nejlep\u0161\u00ed kolagen na ple\u0165 a vlasy?","description":"Hled\u00e1\u0161 nejlep\u0161\u00ed kolagen na ple\u0165 a vlasy? Vyzkou\u0161ej Divique Multi Collagen - nejvy\u0161\u0161\u00ed d\u00e1vka kolagenov\u00fdch peptid\u016f na trhu, 5 typ\u016f kolagenu, \u00fasporn\u00e9 balen\u00ed.","robots":{"index":"index","follow":"follow","max-snippet":"max-snippet:-1","max-image-preview":"max-image-preview:large","max-video-preview":"max-video-preview:-1"},"canonical":"https:\/\/www.divique.com\/cs\/produkt\/divique-collagen-hyaluron-shots","og_locale":"cs_CZ","og_type":"article","og_title":"Divique Multi Collagen 500g - nejlep\u0161\u00ed kolagen na ple\u0165 a vlasy?","og_description":"Hled\u00e1\u0161 nejlep\u0161\u00ed kolagen na ple\u0165 a vlasy? Vyzkou\u0161ej Divique Multi Collagen - nejvy\u0161\u0161\u00ed d\u00e1vka kolagenov\u00fdch peptid\u016f na trhu, 5 typ\u016f kolagenu, \u00fasporn\u00e9 balen\u00ed.","og_url":"https:\/\/www.divique.com\/cs\/produkt\/divique-collagen-hyaluron-shots","og_site_name":"Be Divique - podpo\u0159 svou kr\u00e1su zevnit\u0159","article_modified_time":"2024-09-27T12:24:30+00:00","og_image":[{"width":1500,"height":1500,"url":"https:\/\/www.divique.com\/wp-content\/uploads\/divique-collagenhyaluron-shots.png","type":"image\/png"}],"twitter_card":"summary_large_image","twitter_misc":{"Odhadovan\u00e1 doba \u010dten\u00ed":"2 minuty"},"schema":{"@context":"https:\/\/schema.org","@graph":[{"@type":"WebPage","@id":"https:\/\/www.divique.com\/cs\/produkt\/divique-collagen-hyaluron-shots","url":"https:\/\/www.divique.com\/cs\/produkt\/divique-collagen-hyaluron-shots","name":"Divique Multi Collagen 500g - nejlep\u0161\u00ed kolagen na ple\u0165 a vlasy?","isPartOf":{"@id":"https:\/\/www.divique.com\/cs\/#website"},"primaryImageOfPage":{"@id":"https:\/\/www.divique.com\/cs\/produkt\/divique-collagen-hyaluron-shots#primaryimage"},"image":{"@id":"https:\/\/www.divique.com\/cs\/produkt\/divique-collagen-hyaluron-shots#primaryimage"},"thumbnailUrl":"https:\/\/www.divique.com\/wp-content\/uploads\/divique-collagenhyaluron-shots.png","datePublished":"2023-10-13T14:53:30+00:00","dateModified":"2024-09-27T12:24:30+00:00","description":"Hled\u00e1\u0161 nejlep\u0161\u00ed kolagen na ple\u0165 a vlasy? Vyzkou\u0161ej Divique Multi Collagen - nejvy\u0161\u0161\u00ed d\u00e1vka kolagenov\u00fdch peptid\u016f na trhu, 5 typ\u016f kolagenu, \u00fasporn\u00e9 balen\u00ed.","breadcrumb":{"@id":"https:\/\/www.divique.com\/cs\/produkt\/divique-collagen-hyaluron-shots#breadcrumb"},"inLanguage":"cs","potentialAction":[{"@type":"ReadAction","target":["https:\/\/www.divique.com\/cs\/produkt\/divique-collagen-hyaluron-shots"]}]},{"@type":"ImageObject","inLanguage":"cs","@id":"https:\/\/www.divique.com\/cs\/produkt\/divique-collagen-hyaluron-shots#primaryimage","url":"https:\/\/www.divique.com\/wp-content\/uploads\/divique-collagenhyaluron-shots.png","contentUrl":"https:\/\/www.divique.com\/wp-content\/uploads\/divique-collagenhyaluron-shots.png","width":1500,"height":1500},{"@type":"BreadcrumbList","@id":"https:\/\/www.divique.com\/cs\/produkt\/divique-collagen-hyaluron-shots#breadcrumb","itemListElement":[{"@type":"ListItem","position":1,"name":"Home","item":"https:\/\/www.divique.com\/cs"},{"@type":"ListItem","position":2,"name":"Shop","item":"https:\/\/www.divique.com\/cs\/shop"},{"@type":"ListItem","position":3,"name":"Divique Collagen Hyaluron Shots"}]},{"@type":"WebSite","@id":"https:\/\/www.divique.com\/cs\/#website","url":"https:\/\/www.divique.com\/cs\/","name":"Be Divique - podpo\u0159 svou kr\u00e1su zevnit\u0159","description":"Be Divique. Kolagenov\u00e1 \u0159ada pro sebev\u011bdom\u00e9 \u017eeny. Kolagen a kyselina hyaluronov\u00e1 ve form\u011b, kter\u00e1 V\u00e1m bude vyhovovat.","publisher":{"@id":"https:\/\/www.divique.com\/cs\/#organization"},"potentialAction":[{"@type":"SearchAction","target":{"@type":"EntryPoint","urlTemplate":"https:\/\/www.divique.com\/cs\/?s={search_term_string}"},"query-input":{"@type":"PropertyValueSpecification","valueRequired":true,"valueName":"search_term_string"}}],"inLanguage":"cs"},{"@type":"Organization","@id":"https:\/\/www.divique.com\/cs\/#organization","name":"DIVIQUE s.r.o.","url":"https:\/\/www.divique.com\/cs\/","logo":{"@type":"ImageObject","inLanguage":"cs","@id":"https:\/\/www.divique.com\/cs\/#\/schema\/logo\/image\/","url":"https:\/\/www.divique.com\/wp-content\/uploads\/2022\/04\/divique-logo.png","contentUrl":"https:\/\/www.divique.com\/wp-content\/uploads\/2022\/04\/divique-logo.png","width":196,"height":64,"caption":"DIVIQUE s.r.o."},"image":{"@id":"https:\/\/www.divique.com\/cs\/#\/schema\/logo\/image\/"}}]}},"_links":{"self":[{"href":"https:\/\/www.divique.com\/cs\/wp-json\/wp\/v2\/product\/1415","targetHints":{"allow":["GET"]}}],"collection":[{"href":"https:\/\/www.divique.com\/cs\/wp-json\/wp\/v2\/product"}],"about":[{"href":"https:\/\/www.divique.com\/cs\/wp-json\/wp\/v2\/types\/product"}],"wp:featuredmedia":[{"embeddable":true,"href":"https:\/\/www.divique.com\/cs\/wp-json\/wp\/v2\/media\/1403"}],"wp:attachment":[{"href":"https:\/\/www.divique.com\/cs\/wp-json\/wp\/v2\/media?parent=1415"}],"wp:term":[{"taxonomy":"product_brand","embeddable":true,"href":"https:\/\/www.divique.com\/cs\/wp-json\/wp\/v2\/product_brand?post=1415"},{"taxonomy":"product_cat","embeddable":true,"href":"https:\/\/www.divique.com\/cs\/wp-json\/wp\/v2\/product_cat?post=1415"},{"taxonomy":"product_tag","embeddable":true,"href":"https:\/\/www.divique.com\/cs\/wp-json\/wp\/v2\/product_tag?post=1415"}],"curies":[{"name":"wp","href":"https:\/\/api.w.org\/{rel}","templated":true}]}}